{"id":412,"date":"2021-10-01T08:12:43","date_gmt":"2021-10-01T08:12:43","guid":{"rendered":"https:\/\/ksk-group.eu\/?page_id=412"},"modified":"2025-08-21T10:51:20","modified_gmt":"2025-08-21T10:51:20","slug":"ueber-uns","status":"publish","type":"page","link":"https:\/\/ksk-group.eu\/en\/ueber-uns\/","title":{"rendered":"About us"},"content":{"rendered":"<h3>\n<p><strong>Unser Team<\/strong><\/p>\n<\/h3>\n<div>\n<p>Unser KSK-Team vereint die Bereiche Notfallplanung, Krisenmanagement, Stabsentwicklung, Training, \u00dcbungen, Coaching, Forschung &amp; Innovation, Evaluation, Stresstests f\u00fcr KRITIS sowie Qualit\u00e4tsmanagement in ma\u00dfgeschneiderten, interdisziplin\u00e4ren L\u00f6sungen. KSK bietet und entwickelt ebenfalls Lagef\u00fchrungsausstattung f\u00fcr St\u00e4be und mobile Befehlsstellen.<\/p>\n<p>Unsere Arbeit fokussiert immer den Gesamtentwicklungsprozess &#8211; von der einzelnen Person bis hin zu den \u00fcbergreifenden Strukturen und Prozessen. Der KSK-Ansatz f\u00f6rdert den Wissensaustausch und das Verst\u00e4ndnis zwischen den verschiedenen Fach- und Teilbereichen einer Notfall- und Gefahrenabwehrstruktur sowie zwischen den beteiligten Organisationen.<\/p>\n<p>So entstehen innovative Ideen und praxisnahe L\u00f6sungen f\u00fcr unsere Kunden.<\/p>\n<p>&#8211; analytisch &#8211; planerisch \u2013 pr\u00e4ventiv \u2013 reaktiv \u2013 entwickelnd &#8211;<\/p>\n<\/div>\n<ul>\n<li>\n<p>        <img decoding=\"async\" src=\"wp-content\/uploads\/2019-03-01-KSK-Michael-012-1-scaled.jpg\" alt=\"\"><\/p>\n<h3>Michael Kruhl, Inhaber KSK und Gesch\u00e4ftsf\u00fchrer KSK-Travel<\/h3>\n<div>\n<p style=\"text-align: justify;\">2007 gr\u00fcndete er das Einzelunternehmen KSK und sp\u00e4ter die KSK-Travel GmbH. \u00a0Michael Kruhl verf\u00fcgt \u00fcber mehr als 20 Jahre Projekt-, Ausbildungs- und Einsatzerfahrungen im nationalen und internationalen Bev\u00f6lkerungsschutz und Krisenmanagement in verschiedenen Funktionen (Einsatzleiter, Stabsleiter, Berater).<\/p>\n<p>Er ist ehrenamtlich in einer namhaften deutschen Regierungsorganisation im KatS t\u00e4tig sowie Experte im EU-Gemeinschaftsverfahren und UN ausgebildet.<\/p>\n<p style=\"text-align: justify;\">Sein inhaltlicher Aufgabenschwerpunkt bei KSK liegt in Analysen, Notfallplanungen, Gefahrenabwehrkonzepten, Sicherheits-forschung, Aus- und Weiterbildungen f\u00fcr Akteure des Katastrophenschutzes und der Gefahrenabwehr bis hin zum Planen, Organisieren und Durchf\u00fchren von Simulations- und Vollu\u0308bungen f\u00fcr den Zivil- und Katastrophenschutz.<\/p>\n<p style=\"text-align: justify;\">Er steht f\u00fcr alle Fragen um das Leistungsspektrum der KSK-Group sowie f\u00fcr die Entwicklung ma\u00dfgeschneiderter Individuall\u00f6sungen f\u00fcr unsere Kunden immer gern zur Verf\u00fcgung.<\/p>\n<\/div>\n<\/li>\n<li>\n<p>        <img decoding=\"async\" src=\"wp-content\/uploads\/Foto-30.07.21-09-55-24-scaled.jpg\" alt=\"\"><\/p>\n<h3>Anne Schuster, Projektmanagerin und B\u00fcroleitung<\/h3>\n<div>\n<p>Anne Schuster ist Diplom-Betriebswirtin (BA) und arbeitet seit 2019 f\u00fcr KSK-Travel und KSK.<\/p>\n<p>Als Projektmanagerin k\u00fcmmert sie sich um die Administration der verschiedenen KSK Projekte (EU-Projekte, Bund\/Land-Projekte). Weiterhin ist sie die Ansprechpartnerin im Bereich \u00d6ffentlichkeitsarbeit, Social-Media und Kundenanfragen.<\/p>\n<p>Anne Schuster leitet das B\u00fcro und die Organisation in Reichenbach.<\/p>\n<p>Sie ber\u00e4t Sie auch gern zu den M\u00f6glichkeiten von F\u00f6rderungen f\u00fcr Erstberatungen im Rahmen unserer Angebote.<\/p>\n<\/div>\n<\/li>\n<li>\n<p>        <img decoding=\"async\" src=\"wp-content\/uploads\/Oliver_Oswald_raw-1.jpg\" alt=\"\"><\/p>\n<h3>Oliver Oswald, EU-Katastrophenschutzprojekte, Forschung und Entwicklung<\/h3>\n<div>\n<p style=\"text-align: justify;\">Oliver Oswald ist seit 2017 interdisziplin\u00e4rer Projektmitarbeiter bei KSK.\u00a0\u00a0<\/p>\n<p style=\"text-align: justify;\">Sein Aufgabenschwerpunkt liegt in der Entwicklung und Umsetzung von Anwenderl\u00f6sungen im Bereich Bev\u00f6lkerungsschutz, Gefahrenabwehr und Aus- und Fortbildung in nationalen und internationalen Arbeitsumfeld. Dabei werden aktuelle Technologien eingesetzt und Soft- und Hardwarel\u00f6sungen entwickelt, wie das KSK-PET zur prozessbasierten Resilienzsteigerung, das KSK-ECT zur Steuerung von Gro\u00df\u00fcbungen im nationalen und internationalen Bev\u00f6lkerungsschutz sowie Anwendungen im Augmented Reality Bereich zur Nutzung in der Ausbildung und Eins\u00e4tzen.\u00a0<\/p>\n<\/div>\n<\/li>\n<li>\n<p>        <img decoding=\"async\" src=\"wp-content\/uploads\/Bild2-Finck-2-Ziv.jpg\" alt=\"\"><\/p>\n<h3>Klaus Finck, F\u00fchrungs- und Stabsausbildung, \u00dcbungen <\/h3>\n<div>\n<p>Klaus Finck verst\u00e4rkt seit September 2024 den Bereich Stabsschulung und F\u00fchrungskr\u00e4ftetraining.<\/p>\n<p>Klaus ist Oberst a.D. und war von 1979 bis 2023 Offizier bei der Bundeswehr, zuletzt Kommandeur des Landeskommando Sachsen. Dadurch bringt er viel nationale und internationale Einsatz- und Leitungserfahrung mit, eine zus\u00e4tzliche Expertise, die in unseren Ausbildungen, \u00dcbungen und Planungen zum Vorteil unserer Kunden einflie\u00dft.<\/p>\n<\/div>\n<\/li>\n<li>\n<p>        <img decoding=\"async\" src=\"wp-content\/uploads\/Peter_Schilling.jpg\" alt=\"\"><\/p>\n<h3>Peter Schilling, Datenschutz und KSK-Shop<\/h3>\n<div>\n<p style=\"text-align: justify;\">Seit 2014 arbeitet Peter Schilling bereits bei KSK.<\/p>\n<p style=\"text-align: justify;\">Neben seiner Position als Datenschutzbeauftragter betreut er die Kunden des KSK-Shops. Er k\u00fcmmert sich um die individuelle Layout-Erstellung und Bearbeitung von Bestellungen sowie die Fertigung und den Versand der Produkte. Weiterhin ist er Ansprechpartner f\u00fcr Sonderfertigungen und individuelle Ausstattungsl\u00f6sungen f\u00fcr unsere Kunden.<\/p>\n<\/div>\n<\/li>\n<li>\n<p>        <img decoding=\"async\" src=\"wp-content\/uploads\/20220719_142826-scaled.jpg\" alt=\"\"><\/p>\n<h3>Richard Golly, KSK-Shop<\/h3>\n<div>\n<p>Richard Golly unterst\u00fctzt seit Juli 2022 den KSK-Shop im Bereich Fertigung und Produktion.<\/p>\n<p>\u00a0<\/p>\n<\/div>\n<\/li>\n<\/ul>\n<p><!-- {\"type\":\"layout\",\"children\":[{\"type\":\"section\",\"props\":{\"style\":\"default\",\"width\":\"default\",\"vertical_align\":\"middle\",\"title_position\":\"top-left\",\"title_rotation\":\"left\",\"title_breakpoint\":\"xl\",\"image_position\":\"center-center\",\"text_color\":\"\",\"width_expand\":\"\",\"height\":\"\",\"padding\":\"\",\"header_transparent\":\"\",\"animation\":\"\",\"image\":\"wp-content\\\/uploads\\\/news-12.jpg\"},\"children\":[{\"type\":\"row\",\"props\":{\"layout\":\"1-1\",\"breakpoint\":\"m\",\"fixed_width\":\"large\",\"gutter\":\"\",\"width\":\"\",\"width_expand\":\"\",\"height\":\"\",\"margin\":\"\"},\"children\":[{\"type\":\"column\",\"props\":{\"widths\":[\"1-1\"],\"image_position\":\"center-center\",\"media_overlay_gradient\":\"\",\"vertical_align\":\"\",\"style\":\"\",\"text_color\":\"\",\"padding\":\"\"},\"children\":[]}]}],\"name\":\"Heroimage\"},{\"type\":\"section\",\"props\":{\"style\":\"default\",\"width\":\"default\",\"vertical_align\":\"middle\",\"title_position\":\"top-left\",\"title_rotation\":\"left\",\"title_breakpoint\":\"xl\",\"image_position\":\"center-center\",\"text_color\":\"\",\"width_expand\":\"\",\"height\":\"\",\"padding\":\"\",\"header_transparent\":\"\",\"animation\":\"\"},\"children\":[{\"type\":\"row\",\"props\":{\"layout\":\"1-1\",\"breakpoint\":\"m\",\"fixed_width\":\"large\",\"gutter\":\"\",\"width\":\"\",\"width_expand\":\"\",\"height\":\"\",\"margin\":\"\"},\"children\":[{\"type\":\"column\",\"props\":{\"widths\":[\"1-1\"],\"image_position\":\"center-center\",\"media_overlay_gradient\":\"\",\"vertical_align\":\"\",\"style\":\"\",\"text_color\":\"\",\"padding\":\"\"},\"children\":[{\"type\":\"headline\",\"props\":{\"title_element\":\"h3\",\"title_style\":\"heading-medium\",\"title_decoration\":\"\",\"title_font_family\":\"\",\"title_color\":\"\",\"position\":\"\",\"position_z_index\":\"\",\"margin\":\"medium\",\"maxwidth\":\"xlarge\",\"maxwidth_breakpoint\":\"\",\"block_align\":\"\",\"block_align_breakpoint\":\"\",\"block_align_fallback\":\"\",\"text_align\":\"\",\"text_align_breakpoint\":\"\",\"text_align_fallback\":\"\",\"animation\":\"none\",\"visibility\":\"\",\"content\":\"\n\n<p><strong>Unser Team<\\\/strong><\\\/p>\"}},{\"type\":\"text\",\"props\":{\"margin\":\"default\",\"column_breakpoint\":\"m\",\"text_style\":\"lead\",\"text_color\":\"\",\"text_size\":\"\",\"column\":\"\",\"position\":\"\",\"position_z_index\":\"\",\"maxwidth\":\"\",\"maxwidth_breakpoint\":\"\",\"block_align\":\"\",\"block_align_breakpoint\":\"\",\"block_align_fallback\":\"\",\"text_align\":\"\",\"text_align_breakpoint\":\"\",\"text_align_fallback\":\"\",\"animation\":\"none\",\"visibility\":\"\",\"content\":\"\n\n<p>Unser KSK-Team vereint die Bereiche Notfallplanung, Krisenmanagement, Stabsentwicklung, Training, \\u00dcbungen, Coaching, Forschung &amp; Innovation, Evaluation, Stresstests f\\u00fcr KRITIS sowie Qualit\\u00e4tsmanagement in ma\\u00dfgeschneiderten, interdisziplin\\u00e4ren L\\u00f6sungen. KSK bietet und entwickelt ebenfalls Lagef\\u00fchrungsausstattung f\\u00fcr St\\u00e4be und mobile Befehlsstellen.<\\\/p>\\n\n\n<p>Unsere Arbeit fokussiert immer den Gesamtentwicklungsprozess - von der einzelnen Person bis hin zu den \\u00fcbergreifenden Strukturen und Prozessen. Der KSK-Ansatz f\\u00f6rdert den Wissensaustausch und das Verst\\u00e4ndnis zwischen den verschiedenen Fach- und Teilbereichen einer Notfall- und Gefahrenabwehrstruktur sowie zwischen den beteiligten Organisationen.<\\\/p>\\n\n\n<p>So entstehen innovative Ideen und praxisnahe L\\u00f6sungen f\\u00fcr unsere Kunden.<\\\/p>\\n\n\n<p>- analytisch - planerisch \\u2013 pr\\u00e4ventiv \\u2013 reaktiv \\u2013 entwickelnd -<\\\/p>\"}}]}]}]},{\"type\":\"section\",\"props\":{\"style\":\"default\",\"width\":\"default\",\"vertical_align\":\"middle\",\"title_position\":\"top-left\",\"title_rotation\":\"left\",\"title_breakpoint\":\"xl\",\"image_position\":\"center-center\",\"text_color\":\"\",\"width_expand\":\"\",\"height\":\"\",\"padding\":\"\",\"header_transparent\":\"\",\"animation\":\"\"},\"children\":[{\"type\":\"row\",\"props\":{\"layout\":\"1-1\",\"breakpoint\":\"m\",\"fixed_width\":\"large\",\"gutter\":\"\",\"width\":\"\",\"width_expand\":\"\",\"height\":\"\",\"margin\":\"\"},\"children\":[{\"type\":\"column\",\"props\":{\"widths\":[\"1-1\"],\"image_position\":\"center-center\",\"media_overlay_gradient\":\"\",\"vertical_align\":\"\",\"style\":\"\",\"text_color\":\"\",\"padding\":\"\"},\"children\":[{\"type\":\"grid\",\"props\":{\"show_title\":true,\"show_meta\":true,\"show_content\":true,\"show_image\":true,\"show_link\":true,\"grid_default\":\"2\",\"grid_medium\":\"2\",\"filter_style\":\"tab\",\"filter_all\":true,\"filter_position\":\"top\",\"filter_align\":\"left\",\"filter_grid_width\":\"auto\",\"filter_breakpoint\":\"m\",\"title_hover_style\":\"reset\",\"title_element\":\"h3\",\"title_align\":\"top\",\"title_grid_width\":\"1-2\",\"title_breakpoint\":\"m\",\"meta_style\":\"meta\",\"meta_align\":\"below-title\",\"icon_ratio\":4,\"image_align\":\"top\",\"image_grid_width\":\"1-2\",\"image_breakpoint\":\"m\",\"image_svg_color\":\"emphasis\",\"link_text\":\"Read more\",\"link_style\":\"default\",\"margin\":\"default\",\"item_animation\":\"\",\"gutter\":\"\",\"grid_small\":\"2\",\"grid_large\":\"2\",\"grid_xlarge\":\"2\",\"filter_margin\":\"\",\"filter_gutter\":\"\",\"title_display\":\"\",\"content_display\":\"\",\"panel_style\":\"\",\"panel_content_padding\":\"\",\"panel_size\":\"\",\"item_maxwidth\":\"\",\"title_style\":\"h4\",\"title_decoration\":\"\",\"title_font_family\":\"\",\"title_color\":\"\",\"title_gutter\":\"\",\"title_margin\":\"\",\"meta_color\":\"\",\"meta_margin\":\"\",\"content_style\":\"\",\"content_margin\":\"\",\"image_transition\":\"\",\"image_border\":\"rounded\",\"image_box_shadow\":\"medium\",\"image_hover_box_shadow\":\"\",\"image_box_decoration\":\"\",\"icon_color\":\"\",\"image_gutter\":\"\",\"image_margin\":\"\",\"link_type\":\"\",\"link_size\":\"\",\"link_margin\":\"\",\"position\":\"\",\"position_z_index\":\"\",\"maxwidth\":\"\",\"maxwidth_breakpoint\":\"\",\"block_align\":\"\",\"block_align_breakpoint\":\"\",\"block_align_fallback\":\"\",\"text_align\":\"\",\"text_align_breakpoint\":\"\",\"text_align_fallback\":\"\",\"visibility\":\"\",\"image_width\":\"300\",\"image_height\":\"350\"},\"children\":[{\"type\":\"grid_item\",\"props\":{\"content\":\"\n\n<p style=\\\"text-align: justify;\\\">2007 gr\\u00fcndete er das Einzelunternehmen KSK und sp\\u00e4ter die KSK-Travel GmbH. \\u00a0Michael Kruhl verf\\u00fcgt \\u00fcber mehr als 20 Jahre Projekt-, Ausbildungs- und Einsatzerfahrungen im nationalen und internationalen Bev\\u00f6lkerungsschutz und Krisenmanagement in verschiedenen Funktionen (Einsatzleiter, Stabsleiter, Berater).<\\\/p>\\n\n\n<p>Er ist ehrenamtlich in einer namhaften deutschen Regierungsorganisation im KatS t\\u00e4tig sowie Experte im EU-Gemeinschaftsverfahren und UN ausgebildet.<\\\/p>\\n\n\n<p style=\\\"text-align: justify;\\\">Sein inhaltlicher Aufgabenschwerpunkt bei KSK liegt in Analysen, Notfallplanungen, Gefahrenabwehrkonzepten, Sicherheits-forschung, Aus- und Weiterbildungen f\\u00fcr Akteure des Katastrophenschutzes und der Gefahrenabwehr bis hin zum Planen, Organisieren und Durchf\\u00fchren von Simulations- und Vollu\\u0308bungen f\\u00fcr den Zivil- und Katastrophenschutz.<\\\/p>\\n\n\n<p style=\\\"text-align: justify;\\\">Er steht f\\u00fcr alle Fragen um das Leistungsspektrum der KSK-Group sowie f\\u00fcr die Entwicklung ma\\u00dfgeschneiderter Individuall\\u00f6sungen f\\u00fcr unsere Kunden immer gern zur Verf\\u00fcgung.<\\\/p>\",\"image\":\"wp-content\\\/uploads\\\/2019-03-01-KSK-Michael-012-1-scaled.jpg\",\"title\":\"Michael Kruhl, Inhaber KSK und Gesch\\u00e4ftsf\\u00fchrer KSK-Travel\"}},{\"type\":\"grid_item\",\"props\":{\"title\":\"Anne Schuster, Projektmanagerin und B\\u00fcroleitung\",\"content\":\"\n\n<p>Anne Schuster ist Diplom-Betriebswirtin (BA) und arbeitet seit 2019 f\\u00fcr KSK-Travel und KSK.<\\\/p>\\n\n\n<p>Als Projektmanagerin k\\u00fcmmert sie sich um die Administration der verschiedenen KSK Projekte (EU-Projekte, Bund\\\/Land-Projekte). Weiterhin ist sie die Ansprechpartnerin im Bereich \\u00d6ffentlichkeitsarbeit, Social-Media und Kundenanfragen.<\\\/p>\\n\n\n<p>Anne Schuster leitet das B\\u00fcro und die Organisation in Reichenbach.<\\\/p>\\n\n\n<p>Sie ber\\u00e4t Sie auch gern zu den M\\u00f6glichkeiten von F\\u00f6rderungen f\\u00fcr Erstberatungen im Rahmen unserer Angebote.<\\\/p>\",\"image\":\"wp-content\\\/uploads\\\/Foto-30.07.21-09-55-24-scaled.jpg\"}},{\"type\":\"grid_item\",\"props\":{\"title\":\"Oliver Oswald, EU-Katastrophenschutzprojekte, Forschung und Entwicklung\",\"image\":\"wp-content\\\/uploads\\\/Oliver_Oswald_raw-1.jpg\",\"content\":\"\n\n<p style=\\\"text-align: justify;\\\">Oliver Oswald ist seit 2017 interdisziplin\\u00e4rer Projektmitarbeiter bei KSK.\\u00a0\\u00a0<\\\/p>\\n\n\n<p style=\\\"text-align: justify;\\\">Sein Aufgabenschwerpunkt liegt in der Entwicklung und Umsetzung von Anwenderl\\u00f6sungen im Bereich Bev\\u00f6lkerungsschutz, Gefahrenabwehr und Aus- und Fortbildung in nationalen und internationalen Arbeitsumfeld. Dabei werden aktuelle Technologien eingesetzt und Soft- und Hardwarel\\u00f6sungen entwickelt, wie das KSK-PET zur prozessbasierten Resilienzsteigerung, das KSK-ECT zur Steuerung von Gro\\u00df\\u00fcbungen im nationalen und internationalen Bev\\u00f6lkerungsschutz sowie Anwendungen im Augmented Reality Bereich zur Nutzung in der Ausbildung und Eins\\u00e4tzen.\\u00a0<\\\/p>\"}},{\"type\":\"grid_item\",\"props\":{\"title\":\"Klaus Finck, F\\u00fchrungs- und Stabsausbildung, \\u00dcbungen \",\"content\":\"\n\n<p>Klaus Finck verst\\u00e4rkt seit September 2024 den Bereich Stabsschulung und F\\u00fchrungskr\\u00e4ftetraining.<\\\/p>\\n\n\n<p>Klaus ist Oberst a.D. und war von 1979 bis 2023 Offizier bei der Bundeswehr, zuletzt Kommandeur des Landeskommando Sachsen. Dadurch bringt er viel nationale und internationale Einsatz- und Leitungserfahrung mit, eine zus\\u00e4tzliche Expertise, die in unseren Ausbildungen, \\u00dcbungen und Planungen zum Vorteil unserer Kunden einflie\\u00dft.<\\\/p>\",\"image\":\"wp-content\\\/uploads\\\/Bild2-Finck-2-Ziv.jpg\"}},{\"type\":\"grid_item\",\"props\":{\"content\":\"\n\n<p style=\\\"text-align: justify;\\\">Seit 2014 arbeitet Peter Schilling bereits bei KSK.<\\\/p>\\n\n\n<p style=\\\"text-align: justify;\\\">Neben seiner Position als Datenschutzbeauftragter betreut er die Kunden des KSK-Shops. Er k\\u00fcmmert sich um die individuelle Layout-Erstellung und Bearbeitung von Bestellungen sowie die Fertigung und den Versand der Produkte. Weiterhin ist er Ansprechpartner f\\u00fcr Sonderfertigungen und individuelle Ausstattungsl\\u00f6sungen f\\u00fcr unsere Kunden.<\\\/p>\",\"title\":\"Peter Schilling, Datenschutz und KSK-Shop\",\"image\":\"wp-content\\\/uploads\\\/Peter_Schilling.jpg\"}},{\"type\":\"grid_item\",\"props\":{\"title\":\"Richard Golly, KSK-Shop\",\"image\":\"wp-content\\\/uploads\\\/20220719_142826-scaled.jpg\",\"content\":\"\n\n<p>Richard Golly unterst\\u00fctzt seit Juli 2022 den KSK-Shop im Bereich Fertigung und Produktion.<\\\/p>\\n\n\n<p>\\u00a0<\\\/p>\"}}]}]}]}]}],\"version\":\"1.21.10\",\"props\":[]} --><\/p>\n","protected":false},"excerpt":{"rendered":"<p>Unser Team Unser KSK-Team vereint die Bereiche Notfallplanung, Krisenmanagement, Stabsentwicklung, Training, \u00dcbungen, Coaching, Forschung &amp; Innovation, Evaluation, Stresstests f\u00fcr KRITIS sowie Qualit\u00e4tsmanagement in ma\u00dfgeschneiderten, interdisziplin\u00e4ren L\u00f6sungen. KSK bietet und entwickelt ebenfalls Lagef\u00fchrungsausstattung f\u00fcr St\u00e4be und mobile Befehlsstellen. Unsere Arbeit fokussiert immer den Gesamtentwicklungsprozess &#8211; von der einzelnen Person bis hin zu den \u00fcbergreifenden Strukturen und [&hellip;]<\/p>\n","protected":false},"author":3,"featured_media":0,"parent":0,"menu_order":0,"comment_status":"closed","ping_status":"closed","template":"","meta":{"footnotes":""},"class_list":["post-412","page","type-page","status-publish","hentry"],"_links":{"self":[{"href":"https:\/\/ksk-group.eu\/en\/wp-json\/wp\/v2\/pages\/412"}],"collection":[{"href":"https:\/\/ksk-group.eu\/en\/wp-json\/wp\/v2\/pages"}],"about":[{"href":"https:\/\/ksk-group.eu\/en\/wp-json\/wp\/v2\/types\/page"}],"author":[{"embeddable":true,"href":"https:\/\/ksk-group.eu\/en\/wp-json\/wp\/v2\/users\/3"}],"replies":[{"embeddable":true,"href":"https:\/\/ksk-group.eu\/en\/wp-json\/wp\/v2\/comments?post=412"}],"version-history":[{"count":22,"href":"https:\/\/ksk-group.eu\/en\/wp-json\/wp\/v2\/pages\/412\/revisions"}],"predecessor-version":[{"id":534,"href":"https:\/\/ksk-group.eu\/en\/wp-json\/wp\/v2\/pages\/412\/revisions\/534"}],"wp:attachment":[{"href":"https:\/\/ksk-group.eu\/en\/wp-json\/wp\/v2\/media?parent=412"}],"curies":[{"name":"wp","href":"https:\/\/api.w.org\/{rel}","templated":true}]}}