{"id":402,"date":"2021-08-27T11:04:24","date_gmt":"2021-08-27T11:04:24","guid":{"rendered":"https:\/\/ksk-group.eu\/?page_id=402"},"modified":"2021-10-19T11:29:23","modified_gmt":"2021-10-19T11:29:23","slug":"prozess-evaluierungs-tool-ksk-pet","status":"publish","type":"page","link":"https:\/\/ksk-group.eu\/en\/prozess-evaluierungs-tool-ksk-pet\/","title":{"rendered":"PROZESS-EVALUIERUNGS-TOOL (KSK-PET)"},"content":{"rendered":"<p><img decoding=\"async\" src=\"wp-content\/uploads\/PET-1-e1629965063661.jpg\" alt=\"\"><\/p>\n<h3>\n<p style=\"line-height: 1.0;\">PROZESS-EVALUIERUNGS-TOOL (KSK-PET)<\/p>\n<\/h3>\n<div>Die Sicherstellung der Arbeitsf\u00e4higkeit von Beh\u00f6rden, Unternehmen und Organisationen in Krisenlagen wird immer noch untersch\u00e4tzt aber r\u00fcckt zunehmend in den Fokus. Die Risiken vor Ort ver\u00e4ndern sich stetig mit dem Wachsen der internen Strukturen (z.B. Digitalisierung) und durch sich ver\u00e4ndernde externen Einfl\u00fcsse (z.B. Pandemien, Extremwetterlagen). Bestehende Notfallstrukturen und -prozesse m\u00fcssen daher angepasst und auf ihre Wirksamkeit hin gepr\u00fcft werden.<\/div>\n<p><img decoding=\"async\" src=\"wp-content\/uploads\/PET3-e1630054656529.jpg\" alt=\"\"><\/p>\n<div>Mit dem KSK-Prozessevaluierungstool (KSK-PET) k\u00f6nnen Sie kritische Prozesse in Krisenszenarien testen. Das anwenderfreundliche Tool f\u00fchrt durch einen standardisierten Fragenkatalog und hilft Ihnen, entsprechende Ma\u00dfnahmen zur Verbesserung vor dem Eintreten der Krise oder Katastrophe zu identifizieren und umzusetzen.<\/p>\n<p>Die Systematik unserer diversen Stresstests wurde in einem vorangegangenen BMBF Sicherheitsforschungsprojekts entwickelt und steht Ihnen \u00fcber das KSK-PET zur Verf\u00fcgung. Testen Sie Ihre Strukturen und Abl\u00e4ufe zum Beispiel bei einem Stromausfall, einem Starkregen, einer Pandemie, extremer K\u00e4lte, Sturm usw. und den jeweiligen Folgen dieser Ereignisse auf Ausfallsicherheit, Funktionalit\u00e4t und Durchhaltef\u00e4higkeit.<\/p>\n<p>Die Tests sind grunds\u00e4tzlich themen\u00fcbergreifend anwendbar. Als Ergebnis erhalten Sie eine Zusammenfassung der kritischen Aspekte, einschlie\u00dflich eines Ma\u00dfnahmenplans zum weiteren Vorgehen. Stellen Sie die Schwachstellen ab bevor diese sich im Ernstfall kritisch auswirken.<\/p>\n<p>Mit KSK-PET lassen sich auch Katastrophenschutz\u00fcbungen aller Art sowie die Einsatzf\u00e4higkeit von St\u00e4ben evaluieren. Das System kann auf Ihren eigenen Ger\u00e4ten eingesetzt werden oder wir stellen Ihnen die Ger\u00e4te im Rahmen der KSK-PET Nutzung zur Verf\u00fcgung. Das PET ist leicht und unkompliziert einsetzbar und bedarf keiner umfassenden Einweisung.<\/p><\/div>\n<p>\n    <a href=\"\/kontakt\">Spreche Sie uns an!\u00a0<\/a>\n<\/p>\n<p><!-- {\"type\":\"layout\",\"children\":[{\"type\":\"section\",\"props\":{\"style\":\"default\",\"width\":\"default\",\"vertical_align\":\"middle\",\"title_position\":\"top-left\",\"title_rotation\":\"left\",\"title_breakpoint\":\"xl\",\"image_position\":\"center-center\",\"text_color\":\"\",\"width_expand\":\"\",\"height\":\"\",\"padding\":\"\",\"header_transparent\":\"\",\"animation\":\"\",\"image\":\"wp-content\\\/uploads\\\/news-12.jpg\"},\"children\":[{\"type\":\"row\",\"props\":{\"layout\":\"1-1\",\"breakpoint\":\"m\",\"fixed_width\":\"large\",\"gutter\":\"\",\"width\":\"\",\"width_expand\":\"\",\"height\":\"\",\"margin\":\"\"},\"children\":[{\"type\":\"column\",\"props\":{\"widths\":[\"1-1\"],\"image_position\":\"center-center\",\"media_overlay_gradient\":\"\",\"vertical_align\":\"\",\"style\":\"\",\"text_color\":\"\",\"padding\":\"\"},\"children\":[]}]}],\"name\":\"Heroimage\"},{\"type\":\"section\",\"props\":{\"style\":\"default\",\"width\":\"default\",\"vertical_align\":\"middle\",\"title_position\":\"top-left\",\"title_rotation\":\"left\",\"title_breakpoint\":\"xl\",\"image_position\":\"center-center\",\"text_color\":\"\",\"width_expand\":\"\",\"height\":\"\",\"padding\":\"\",\"header_transparent\":\"\",\"animation\":\"\"},\"children\":[{\"type\":\"row\",\"props\":{\"layout\":\",3-4\",\"breakpoint\":\"m\",\"fixed_width\":\"large\",\"gutter\":\"\",\"width\":\"default\",\"width_expand\":\"\",\"height\":\"\",\"margin\":\"\",\"match\":true},\"children\":[{\"type\":\"column\",\"props\":{\"widths\":[\"\"],\"image_position\":\"center-center\",\"media_overlay_gradient\":\"\",\"vertical_align\":\"\",\"style\":\"\",\"text_color\":\"\",\"padding\":\"\"},\"children\":[{\"type\":\"image\",\"props\":{\"margin\":\"default\",\"image_svg_color\":\"emphasis\",\"link_target\":\"\",\"image_border\":\"\",\"image_box_shadow\":\"\",\"image_hover_box_shadow\":\"\",\"image_box_decoration\":\"\",\"position\":\"\",\"position_z_index\":\"\",\"maxwidth\":\"\",\"maxwidth_breakpoint\":\"\",\"block_align\":\"\",\"block_align_breakpoint\":\"\",\"block_align_fallback\":\"\",\"text_align\":\"center\",\"text_align_breakpoint\":\"\",\"text_align_fallback\":\"\",\"animation\":\"\",\"visibility\":\"\",\"image\":\"wp-content\\\/uploads\\\/PET-1-e1629965063661.jpg\",\"image_svg_inline\":true}}]},{\"type\":\"column\",\"props\":{\"widths\":[\"3-4\"],\"image_position\":\"center-center\",\"media_overlay_gradient\":\"\",\"vertical_align\":\"\",\"style\":\"\",\"text_color\":\"\",\"padding\":\"\"},\"children\":[{\"type\":\"headline\",\"props\":{\"title_element\":\"h3\",\"title_style\":\"heading-medium\",\"title_decoration\":\"\",\"title_font_family\":\"\",\"title_color\":\"\",\"position\":\"\",\"position_z_index\":\"\",\"margin\":\"medium\",\"maxwidth\":\"xlarge\",\"maxwidth_breakpoint\":\"\",\"block_align\":\"\",\"block_align_breakpoint\":\"\",\"block_align_fallback\":\"\",\"text_align\":\"\",\"text_align_breakpoint\":\"\",\"text_align_fallback\":\"\",\"animation\":\"none\",\"visibility\":\"\",\"content\":\"\n\n<p style=\\\"line-height: 1.0;\\\">PROZESS-EVALUIERUNGS-TOOL (KSK-PET)<\\\/p>\"}},{\"type\":\"text\",\"props\":{\"margin\":\"default\",\"column_breakpoint\":\"m\",\"text_style\":\"lead\",\"text_color\":\"\",\"text_size\":\"\",\"column\":\"\",\"position\":\"\",\"position_z_index\":\"\",\"maxwidth\":\"xlarge\",\"maxwidth_breakpoint\":\"\",\"block_align\":\"\",\"block_align_breakpoint\":\"\",\"block_align_fallback\":\"\",\"text_align\":\"\",\"text_align_breakpoint\":\"\",\"text_align_fallback\":\"\",\"animation\":\"none\",\"visibility\":\"\",\"content\":\"Die Sicherstellung der Arbeitsf\\u00e4higkeit von Beh\\u00f6rden, Unternehmen und Organisationen in Krisenlagen wird immer noch untersch\\u00e4tzt aber r\\u00fcckt zunehmend in den Fokus. Die Risiken vor Ort ver\\u00e4ndern sich stetig mit dem Wachsen der internen Strukturen (z.B. Digitalisierung) und durch sich ver\\u00e4ndernde externen Einfl\\u00fcsse (z.B. Pandemien, Extremwetterlagen). Bestehende Notfallstrukturen und -prozesse m\\u00fcssen daher angepasst und auf ihre Wirksamkeit hin gepr\\u00fcft werden.\"}},{\"type\":\"image\",\"props\":{\"margin\":\"default\",\"image_svg_color\":\"emphasis\",\"link_target\":\"\",\"image_border\":\"\",\"image_box_shadow\":\"\",\"image_hover_box_shadow\":\"\",\"image_box_decoration\":\"\",\"position\":\"\",\"position_z_index\":\"\",\"maxwidth\":\"xlarge\",\"maxwidth_breakpoint\":\"\",\"block_align\":\"\",\"block_align_breakpoint\":\"\",\"block_align_fallback\":\"\",\"text_align\":\"\",\"text_align_breakpoint\":\"\",\"text_align_fallback\":\"\",\"animation\":\"\",\"visibility\":\"\",\"image\":\"wp-content\\\/uploads\\\/PET3-e1630054656529.jpg\"}},{\"type\":\"text\",\"props\":{\"margin\":\"default\",\"column_breakpoint\":\"m\",\"text_style\":\"\",\"text_color\":\"\",\"text_size\":\"\",\"column\":\"\",\"position\":\"\",\"position_z_index\":\"\",\"maxwidth\":\"xlarge\",\"maxwidth_breakpoint\":\"\",\"block_align\":\"\",\"block_align_breakpoint\":\"\",\"block_align_fallback\":\"\",\"text_align\":\"\",\"text_align_breakpoint\":\"\",\"text_align_fallback\":\"\",\"animation\":\"none\",\"visibility\":\"\",\"content\":\"Mit dem KSK-Prozessevaluierungstool (KSK-PET) k\\u00f6nnen Sie kritische Prozesse in Krisenszenarien testen. Das anwenderfreundliche Tool f\\u00fchrt durch einen standardisierten Fragenkatalog und hilft Ihnen, entsprechende Ma\\u00dfnahmen zur Verbesserung vor dem Eintreten der Krise oder Katastrophe zu identifizieren und umzusetzen.\\n\\nDie Systematik unserer diversen Stresstests wurde in einem vorangegangenen BMBF Sicherheitsforschungsprojekts entwickelt und steht Ihnen \\u00fcber das KSK-PET zur Verf\\u00fcgung. Testen Sie Ihre Strukturen und Abl\\u00e4ufe zum Beispiel bei einem Stromausfall, einem Starkregen, einer Pandemie, extremer K\\u00e4lte, Sturm usw. und den jeweiligen Folgen dieser Ereignisse auf Ausfallsicherheit, Funktionalit\\u00e4t und Durchhaltef\\u00e4higkeit.\\n\\nDie Tests sind grunds\\u00e4tzlich themen\\u00fcbergreifend anwendbar. Als Ergebnis erhalten Sie eine Zusammenfassung der kritischen Aspekte, einschlie\\u00dflich eines Ma\\u00dfnahmenplans zum weiteren Vorgehen. Stellen Sie die Schwachstellen ab bevor diese sich im Ernstfall kritisch auswirken.\\n\\nMit KSK-PET lassen sich auch Katastrophenschutz\\u00fcbungen aller Art sowie die Einsatzf\\u00e4higkeit von St\\u00e4ben evaluieren. Das System kann auf Ihren eigenen Ger\\u00e4ten eingesetzt werden oder wir stellen Ihnen die Ger\\u00e4te im Rahmen der KSK-PET Nutzung zur Verf\\u00fcgung. Das PET ist leicht und unkompliziert einsetzbar und bedarf keiner umfassenden Einweisung.\"}},{\"type\":\"button\",\"props\":{\"gutter\":\"small\",\"margin\":\"default\",\"button_size\":\"\",\"position\":\"\",\"position_z_index\":\"\",\"maxwidth\":\"\",\"maxwidth_breakpoint\":\"\",\"block_align\":\"\",\"block_align_breakpoint\":\"\",\"block_align_fallback\":\"\",\"text_align\":\"\",\"text_align_breakpoint\":\"\",\"text_align_fallback\":\"\",\"animation\":\"\",\"visibility\":\"\"},\"children\":[{\"type\":\"button_item\",\"props\":{\"button_style\":\"text\",\"icon_align\":\"left\",\"link_target\":\"\",\"content\":\"Spreche Sie uns an!\\u00a0\",\"link\":\"\\\/kontakt\"}}]}]}]}]}],\"version\":\"1.21.10\",\"props\":[]} --><\/p>\n","protected":false},"excerpt":{"rendered":"<p>PROZESS-EVALUIERUNGS-TOOL (KSK-PET) Die Sicherstellung der Arbeitsf\u00e4higkeit von Beh\u00f6rden, Unternehmen und Organisationen in Krisenlagen wird immer noch untersch\u00e4tzt aber r\u00fcckt zunehmend in den Fokus. Die Risiken vor Ort ver\u00e4ndern sich stetig mit dem Wachsen der internen Strukturen (z.B. Digitalisierung) und durch sich ver\u00e4ndernde externen Einfl\u00fcsse (z.B. Pandemien, Extremwetterlagen). Bestehende Notfallstrukturen und -prozesse m\u00fcssen daher angepasst und [&hellip;]<\/p>\n","protected":false},"author":3,"featured_media":0,"parent":0,"menu_order":0,"comment_status":"closed","ping_status":"closed","template":"","meta":{"footnotes":""},"class_list":["post-402","page","type-page","status-publish","hentry"],"_links":{"self":[{"href":"https:\/\/ksk-group.eu\/en\/wp-json\/wp\/v2\/pages\/402"}],"collection":[{"href":"https:\/\/ksk-group.eu\/en\/wp-json\/wp\/v2\/pages"}],"about":[{"href":"https:\/\/ksk-group.eu\/en\/wp-json\/wp\/v2\/types\/page"}],"author":[{"embeddable":true,"href":"https:\/\/ksk-group.eu\/en\/wp-json\/wp\/v2\/users\/3"}],"replies":[{"embeddable":true,"href":"https:\/\/ksk-group.eu\/en\/wp-json\/wp\/v2\/comments?post=402"}],"version-history":[{"count":3,"href":"https:\/\/ksk-group.eu\/en\/wp-json\/wp\/v2\/pages\/402\/revisions"}],"predecessor-version":[{"id":444,"href":"https:\/\/ksk-group.eu\/en\/wp-json\/wp\/v2\/pages\/402\/revisions\/444"}],"wp:attachment":[{"href":"https:\/\/ksk-group.eu\/en\/wp-json\/wp\/v2\/media?parent=402"}],"curies":[{"name":"wp","href":"https:\/\/api.w.org\/{rel}","templated":true}]}}