{"id":397,"date":"2021-08-27T10:59:38","date_gmt":"2021-08-27T10:59:38","guid":{"rendered":"https:\/\/ksk-group.eu\/?page_id=397"},"modified":"2021-10-19T11:28:42","modified_gmt":"2021-10-19T11:28:42","slug":"digitale-uebungssteuerung-exercise-control-tool-ksk-ect","status":"publish","type":"page","link":"https:\/\/ksk-group.eu\/en\/digitale-uebungssteuerung-exercise-control-tool-ksk-ect\/","title":{"rendered":"DIGITALE \u00dcBUNGSSTEUERUNG \/ EXERCISE CONTROL TOOL (KSK-ECT)"},"content":{"rendered":"<p><img decoding=\"async\" src=\"wp-content\/uploads\/ECT_5.png\" alt=\"\"><\/p>\n<h3>\n<p style=\"line-height: 1.0;\">DIGITALE \u00dcBUNGSSTEUERUNG \/ EXERCISE CONTROL TOOL (KSK-ECT)<\/p>\n<\/h3>\n<div>\n<p>\u00dcbung macht den Meister. Die Planung und Durchf\u00fchrung von szenarienbasierten Voll\u00fcbungen und Stabsrahmen\u00fcbungen sind mit einem erheblichen Personal-, Planungs- und Koordinierungsauswand verbunden. Daher ist die Realit\u00e4t vieler \u00dcbungen ern\u00fcchternd: unzureichend geplant oder mangelhaft umgesetzt mit einem geringen Mehrwert f\u00fcr die Teilnehmenden. Die daraus resultierende Folge ist Frustration und vor allem die fehlende Aussagekraft der Ergebnisse. Mit unserem digitalen Exercise Control Tool (KSK-ECT) setzen wir direkt am Kernproblem \u201e\u00dcbungsplanung und -umsetzung\u201c an.<\/p>\n<\/div>\n<p><img decoding=\"async\" src=\"wp-content\/uploads\/ECT_2-e1629970316381.png\" alt=\"\"><\/p>\n<div>\n<p>Das Exercise Control Tool ist ein digitales und dezentral nutzbares System zur Steuerung von Zivil- und Katastrophenschutz\u00fcbungen f\u00fcr Beh\u00f6rden, Hilfsorganisationen und Unternehmen. Es steht f\u00fcr h\u00f6chste Qualit\u00e4tsstandards bei der Planung und Durchf\u00fchrung von \u00dcbungen. Das Tool verbindet alle Mitglieder des \u00dcbungspersonals auf einer digitalen Plattform, wodurch die Durchf\u00fchrung der \u00dcbungen an einem oder mehreren Standorten\/L\u00e4ndern in zentralen und dezentralen Umgebungen m\u00f6glich ist. Dabei ist die Steuerung der \u00dcbung durch einzelne Benutzergruppen differenziert m\u00f6glich.<\/p>\n<p>Das Kernst\u00fcck von KSK-ECT ist die \u00dcbungs-Zeitleiste, die den kompletten Ablauf der \u00dcbung mit allen Benutzergruppen, Teams und Einspielungen aufzeigt. Ein gro\u00dfer Vorteil ist das flexible Datenmanagementsystem, mit dem \u00c4nderungen oder Inhaltsanpassungen ad-hoc und dynamisch vorgenommen werden k\u00f6nnen. Ein integriertes organisationsinternes Archiv f\u00fcr \u00dcbungsinhalte reduziert den Zeitaufwand f\u00fcr die \u00dcbungsvorbereitung. Weiterhin k\u00f6nnen Trainingsziele und Qualit\u00e4tsstandards definiert werden. Dadurch ist eine Kontrolle und Sicherstellung einer erfolgreichen \u00dcbungsleistung der teilnehmenden Teams gew\u00e4hrleistet.<\/p>\n<p>Das ECT ist browserbasiert und kann mit Laptops und Tablets genutzt werden. Eine ECT-App erm\u00f6glicht den Ausbildern vor Ort bei den Teams den mobilen Zugriff. Insgesamt spart das ECT Zeit f\u00fcr die Entwicklung, bietet Kontrolle w\u00e4hrend der \u00dcbung und sichert Leistungs- und Qualit\u00e4tsstandards f\u00fcr die Gesamtleitung und die teilnehmenden Teams.<\/p>\n<p>Einfach \u2013 Digital \u2013 Innovativ<\/p>\n<\/div>\n<p>\n    <a href=\"\/kontakt\">Spreche Sie uns an!\u00a0<\/a>\n<\/p>\n<p><!-- {\"type\":\"layout\",\"children\":[{\"type\":\"section\",\"props\":{\"style\":\"default\",\"width\":\"default\",\"vertical_align\":\"middle\",\"title_position\":\"top-left\",\"title_rotation\":\"left\",\"title_breakpoint\":\"xl\",\"image_position\":\"center-center\",\"text_color\":\"\",\"width_expand\":\"\",\"height\":\"\",\"padding\":\"\",\"header_transparent\":\"\",\"animation\":\"\",\"image\":\"wp-content\\\/uploads\\\/news-12.jpg\"},\"children\":[{\"type\":\"row\",\"props\":{\"layout\":\"1-1\",\"breakpoint\":\"m\",\"fixed_width\":\"large\",\"gutter\":\"\",\"width\":\"\",\"width_expand\":\"\",\"height\":\"\",\"margin\":\"\"},\"children\":[{\"type\":\"column\",\"props\":{\"widths\":[\"1-1\"],\"image_position\":\"center-center\",\"media_overlay_gradient\":\"\",\"vertical_align\":\"\",\"style\":\"\",\"text_color\":\"\",\"padding\":\"\"},\"children\":[]}]}],\"name\":\"Heroimage\"},{\"type\":\"section\",\"props\":{\"style\":\"default\",\"width\":\"default\",\"vertical_align\":\"middle\",\"title_position\":\"top-left\",\"title_rotation\":\"left\",\"title_breakpoint\":\"xl\",\"image_position\":\"center-center\",\"text_color\":\"\",\"width_expand\":\"\",\"height\":\"\",\"padding\":\"\",\"header_transparent\":\"\",\"animation\":\"\"},\"children\":[{\"type\":\"row\",\"props\":{\"layout\":\",3-4\",\"breakpoint\":\"m\",\"fixed_width\":\"large\",\"gutter\":\"\",\"width\":\"default\",\"width_expand\":\"\",\"height\":\"\",\"margin\":\"\",\"match\":true},\"children\":[{\"type\":\"column\",\"props\":{\"widths\":[\"\"],\"image_position\":\"center-center\",\"media_overlay_gradient\":\"\",\"vertical_align\":\"\",\"style\":\"\",\"text_color\":\"\",\"padding\":\"\"},\"children\":[{\"type\":\"image\",\"props\":{\"margin\":\"default\",\"image_svg_color\":\"emphasis\",\"link_target\":\"\",\"image_border\":\"\",\"image_box_shadow\":\"\",\"image_hover_box_shadow\":\"\",\"image_box_decoration\":\"\",\"position\":\"\",\"position_z_index\":\"\",\"maxwidth\":\"\",\"maxwidth_breakpoint\":\"\",\"block_align\":\"\",\"block_align_breakpoint\":\"\",\"block_align_fallback\":\"\",\"text_align\":\"\",\"text_align_breakpoint\":\"\",\"text_align_fallback\":\"\",\"animation\":\"\",\"visibility\":\"\",\"image\":\"wp-content\\\/uploads\\\/ECT_5.png\"}}]},{\"type\":\"column\",\"props\":{\"widths\":[\"3-4\"],\"image_position\":\"center-center\",\"media_overlay_gradient\":\"\",\"vertical_align\":\"\",\"style\":\"\",\"text_color\":\"\",\"padding\":\"\"},\"children\":[{\"type\":\"headline\",\"props\":{\"title_element\":\"h3\",\"title_style\":\"heading-medium\",\"title_decoration\":\"\",\"title_font_family\":\"\",\"title_color\":\"\",\"position\":\"\",\"position_z_index\":\"\",\"margin\":\"medium\",\"maxwidth\":\"xlarge\",\"maxwidth_breakpoint\":\"\",\"block_align\":\"\",\"block_align_breakpoint\":\"\",\"block_align_fallback\":\"\",\"text_align\":\"\",\"text_align_breakpoint\":\"\",\"text_align_fallback\":\"\",\"animation\":\"none\",\"visibility\":\"\",\"content\":\"\n\n<p style=\\\"line-height: 1.0;\\\">DIGITALE \\u00dcBUNGSSTEUERUNG \\\/ EXERCISE CONTROL TOOL (KSK-ECT)<\\\/p>\"}},{\"type\":\"text\",\"props\":{\"margin\":\"default\",\"column_breakpoint\":\"m\",\"text_style\":\"lead\",\"text_color\":\"\",\"text_size\":\"\",\"column\":\"\",\"position\":\"\",\"position_z_index\":\"\",\"maxwidth\":\"xlarge\",\"maxwidth_breakpoint\":\"\",\"block_align\":\"\",\"block_align_breakpoint\":\"\",\"block_align_fallback\":\"\",\"text_align\":\"\",\"text_align_breakpoint\":\"\",\"text_align_fallback\":\"\",\"animation\":\"none\",\"visibility\":\"\",\"content\":\"\n\n<p>\\u00dcbung macht den Meister. Die Planung und Durchf\\u00fchrung von szenarienbasierten Voll\\u00fcbungen und Stabsrahmen\\u00fcbungen sind mit einem erheblichen Personal-, Planungs- und Koordinierungsauswand verbunden. Daher ist die Realit\\u00e4t vieler \\u00dcbungen ern\\u00fcchternd: unzureichend geplant oder mangelhaft umgesetzt mit einem geringen Mehrwert f\\u00fcr die Teilnehmenden. Die daraus resultierende Folge ist Frustration und vor allem die fehlende Aussagekraft der Ergebnisse. Mit unserem digitalen Exercise Control Tool (KSK-ECT) setzen wir direkt am Kernproblem \\u201e\\u00dcbungsplanung und -umsetzung\\u201c an.<\\\/p>\"}},{\"type\":\"image\",\"props\":{\"margin\":\"medium\",\"image_svg_color\":\"emphasis\",\"link_target\":\"\",\"image_border\":\"\",\"image_box_shadow\":\"\",\"image_hover_box_shadow\":\"\",\"image_box_decoration\":\"\",\"position\":\"\",\"position_z_index\":\"\",\"maxwidth\":\"xlarge\",\"maxwidth_breakpoint\":\"\",\"block_align\":\"\",\"block_align_breakpoint\":\"\",\"block_align_fallback\":\"\",\"text_align\":\"\",\"text_align_breakpoint\":\"\",\"text_align_fallback\":\"\",\"animation\":\"\",\"visibility\":\"\",\"image\":\"wp-content\\\/uploads\\\/ECT_2-e1629970316381.png\"}},{\"type\":\"text\",\"props\":{\"margin\":\"default\",\"column_breakpoint\":\"m\",\"text_style\":\"\",\"text_color\":\"\",\"text_size\":\"\",\"column\":\"\",\"position\":\"\",\"position_z_index\":\"\",\"maxwidth\":\"xlarge\",\"maxwidth_breakpoint\":\"\",\"block_align\":\"\",\"block_align_breakpoint\":\"\",\"block_align_fallback\":\"\",\"text_align\":\"\",\"text_align_breakpoint\":\"\",\"text_align_fallback\":\"\",\"animation\":\"none\",\"visibility\":\"\",\"content\":\"\n\n<p>Das Exercise Control Tool ist ein digitales und dezentral nutzbares System zur Steuerung von Zivil- und Katastrophenschutz\\u00fcbungen f\\u00fcr Beh\\u00f6rden, Hilfsorganisationen und Unternehmen. Es steht f\\u00fcr h\\u00f6chste Qualit\\u00e4tsstandards bei der Planung und Durchf\\u00fchrung von \\u00dcbungen. Das Tool verbindet alle Mitglieder des \\u00dcbungspersonals auf einer digitalen Plattform, wodurch die Durchf\\u00fchrung der \\u00dcbungen an einem oder mehreren Standorten\\\/L\\u00e4ndern in zentralen und dezentralen Umgebungen m\\u00f6glich ist. Dabei ist die Steuerung der \\u00dcbung durch einzelne Benutzergruppen differenziert m\\u00f6glich.<\\\/p>\\n\n\n<p>Das Kernst\\u00fcck von KSK-ECT ist die \\u00dcbungs-Zeitleiste, die den kompletten Ablauf der \\u00dcbung mit allen Benutzergruppen, Teams und Einspielungen aufzeigt. Ein gro\\u00dfer Vorteil ist das flexible Datenmanagementsystem, mit dem \\u00c4nderungen oder Inhaltsanpassungen ad-hoc und dynamisch vorgenommen werden k\\u00f6nnen. Ein integriertes organisationsinternes Archiv f\\u00fcr \\u00dcbungsinhalte reduziert den Zeitaufwand f\\u00fcr die \\u00dcbungsvorbereitung. Weiterhin k\\u00f6nnen Trainingsziele und Qualit\\u00e4tsstandards definiert werden. Dadurch ist eine Kontrolle und Sicherstellung einer erfolgreichen \\u00dcbungsleistung der teilnehmenden Teams gew\\u00e4hrleistet.<\\\/p>\\n\n\n<p>Das ECT ist browserbasiert und kann mit Laptops und Tablets genutzt werden. Eine ECT-App erm\\u00f6glicht den Ausbildern vor Ort bei den Teams den mobilen Zugriff. Insgesamt spart das ECT Zeit f\\u00fcr die Entwicklung, bietet Kontrolle w\\u00e4hrend der \\u00dcbung und sichert Leistungs- und Qualit\\u00e4tsstandards f\\u00fcr die Gesamtleitung und die teilnehmenden Teams.<\\\/p>\\n\n\n<p>Einfach \\u2013 Digital \\u2013 Innovativ<\\\/p>\"}},{\"type\":\"button\",\"props\":{\"gutter\":\"small\",\"margin\":\"default\",\"button_size\":\"\",\"position\":\"\",\"position_z_index\":\"\",\"maxwidth\":\"\",\"maxwidth_breakpoint\":\"\",\"block_align\":\"\",\"block_align_breakpoint\":\"\",\"block_align_fallback\":\"\",\"text_align\":\"\",\"text_align_breakpoint\":\"\",\"text_align_fallback\":\"\",\"animation\":\"\",\"visibility\":\"\"},\"children\":[{\"type\":\"button_item\",\"props\":{\"button_style\":\"text\",\"icon_align\":\"left\",\"link_target\":\"\",\"content\":\"Spreche Sie uns an!\\u00a0\",\"link\":\"\\\/kontakt\"}}]}]}]}]}],\"version\":\"1.21.10\",\"props\":[]} --><\/p>\n","protected":false},"excerpt":{"rendered":"<p>DIGITALE \u00dcBUNGSSTEUERUNG \/ EXERCISE CONTROL TOOL (KSK-ECT) \u00dcbung macht den Meister. Die Planung und Durchf\u00fchrung von szenarienbasierten Voll\u00fcbungen und Stabsrahmen\u00fcbungen sind mit einem erheblichen Personal-, Planungs- und Koordinierungsauswand verbunden. Daher ist die Realit\u00e4t vieler \u00dcbungen ern\u00fcchternd: unzureichend geplant oder mangelhaft umgesetzt mit einem geringen Mehrwert f\u00fcr die Teilnehmenden. Die daraus resultierende Folge ist Frustration und [&hellip;]<\/p>\n","protected":false},"author":3,"featured_media":0,"parent":0,"menu_order":0,"comment_status":"closed","ping_status":"closed","template":"","meta":{"footnotes":""},"class_list":["post-397","page","type-page","status-publish","hentry"],"_links":{"self":[{"href":"https:\/\/ksk-group.eu\/en\/wp-json\/wp\/v2\/pages\/397"}],"collection":[{"href":"https:\/\/ksk-group.eu\/en\/wp-json\/wp\/v2\/pages"}],"about":[{"href":"https:\/\/ksk-group.eu\/en\/wp-json\/wp\/v2\/types\/page"}],"author":[{"embeddable":true,"href":"https:\/\/ksk-group.eu\/en\/wp-json\/wp\/v2\/users\/3"}],"replies":[{"embeddable":true,"href":"https:\/\/ksk-group.eu\/en\/wp-json\/wp\/v2\/comments?post=397"}],"version-history":[{"count":4,"href":"https:\/\/ksk-group.eu\/en\/wp-json\/wp\/v2\/pages\/397\/revisions"}],"predecessor-version":[{"id":443,"href":"https:\/\/ksk-group.eu\/en\/wp-json\/wp\/v2\/pages\/397\/revisions\/443"}],"wp:attachment":[{"href":"https:\/\/ksk-group.eu\/en\/wp-json\/wp\/v2\/media?parent=397"}],"curies":[{"name":"wp","href":"https:\/\/api.w.org\/{rel}","templated":true}]}}