{"id":335,"date":"2021-08-19T12:20:25","date_gmt":"2021-08-19T12:20:25","guid":{"rendered":"https:\/\/ksk-group.eu\/?page_id=335"},"modified":"2022-07-13T07:27:44","modified_gmt":"2022-07-13T07:27:44","slug":"unsere-partner","status":"publish","type":"page","link":"https:\/\/ksk-group.eu\/en\/unsere-partner\/","title":{"rendered":"Unsere Partner"},"content":{"rendered":"<h3>\n<p><strong>Unsere Partner<\/strong><\/p>\n<\/h3>\n<ul>\n<li>\n<p>        <img decoding=\"async\" src=\"wp-content\/uploads\/BS_RESCUE_LOGO-01-e1629375031924.png\" alt=\"\"><\/p>\n<div>\n<p>BS-Rescue ist ein Einzelunternehmen, das seit 2013 aktiv ist. Das Angebotsspektrum von BS-Rescue reicht von F\u00fchrungskr\u00e4fteschulungen im Rettungsdienst und Katastrophenschutz, \u00fcber Analysen von MANV Planungen, DPS und F\u00fcSim Schulungen, Simulations- und Voll\u00fcbungen f\u00fcr den Rettungsdienst und Katastrophenschutz, bis hin zu Stabsausbildungen sowie \u00dcbungen f\u00fcr St\u00e4be auf allen Ebenen.<\/p>\n<\/div>\n<p><a href=\"http:\/\/www.bs-rescue.de\">weitere Informationen<\/a><\/p>\n<\/li>\n<li>\n<p>        <img decoding=\"async\" src=\"wp-content\/uploads\/krisenplaner_logo_final_logo-lang-slogan-e1629375065641.png\" alt=\"\"><\/p>\n<div>\n<p>DIE KRISENPLANER GmbH ist ein \u00f6sterreichisches Unternehmen, spezialisiert auf die Themen Notfall-, Krisen- und Katastrophenmanagement sowie Risikomanagement und Business Continuity Management f\u00fcr nationale und internationale Unternehmen, Organisationen und Beh\u00f6rden. Neben Beratung, Planung \u00a0und Implementierungsunterst\u00fctzung, ist DIE KRISENPLANER GmbH im Bereich Schulung und Training sowie \u00dcbungsplanung und \u00dcbungsdurchf\u00fchrung t\u00e4tig.<\/p>\n<\/div>\n<p><a href=\"https:\/\/www.krisenplaner.at\">weitere Informationen<\/a><\/p>\n<\/li>\n<\/ul>\n<p><!-- {\"type\":\"layout\",\"children\":[{\"type\":\"section\",\"props\":{\"style\":\"default\",\"width\":\"default\",\"vertical_align\":\"middle\",\"title_position\":\"top-left\",\"title_rotation\":\"left\",\"title_breakpoint\":\"xl\",\"image_position\":\"center-center\",\"text_color\":\"\",\"width_expand\":\"\",\"height\":\"\",\"padding\":\"\",\"header_transparent\":\"\",\"animation\":\"\",\"image\":\"wp-content\\\/uploads\\\/news-12.jpg\"},\"children\":[{\"type\":\"row\",\"props\":{\"layout\":\"1-1\",\"breakpoint\":\"m\",\"fixed_width\":\"large\",\"gutter\":\"\",\"width\":\"\",\"width_expand\":\"\",\"height\":\"\",\"margin\":\"\"},\"children\":[{\"type\":\"column\",\"props\":{\"widths\":[\"1-1\"],\"image_position\":\"center-center\",\"media_overlay_gradient\":\"\",\"vertical_align\":\"\",\"style\":\"\",\"text_color\":\"\",\"padding\":\"\"},\"children\":[]}]}],\"name\":\"Heroimage\"},{\"type\":\"section\",\"props\":{\"style\":\"default\",\"width\":\"default\",\"vertical_align\":\"middle\",\"title_position\":\"top-left\",\"title_rotation\":\"left\",\"title_breakpoint\":\"xl\",\"image_position\":\"center-center\",\"text_color\":\"\",\"width_expand\":\"\",\"height\":\"\",\"padding\":\"\",\"header_transparent\":\"\",\"animation\":\"\"},\"children\":[{\"type\":\"row\",\"props\":{\"layout\":\"1-1\",\"breakpoint\":\"m\",\"fixed_width\":\"large\",\"gutter\":\"\",\"width\":\"\",\"width_expand\":\"\",\"height\":\"\",\"margin\":\"\"},\"children\":[{\"type\":\"column\",\"props\":{\"widths\":[\"1-1\"],\"image_position\":\"center-center\",\"media_overlay_gradient\":\"\",\"vertical_align\":\"\",\"style\":\"\",\"text_color\":\"\",\"padding\":\"\"},\"children\":[{\"type\":\"headline\",\"props\":{\"title_element\":\"h3\",\"title_style\":\"heading-medium\",\"title_decoration\":\"\",\"title_font_family\":\"\",\"title_color\":\"\",\"position\":\"\",\"position_z_index\":\"\",\"margin\":\"medium\",\"maxwidth\":\"\",\"maxwidth_breakpoint\":\"\",\"block_align\":\"\",\"block_align_breakpoint\":\"\",\"block_align_fallback\":\"\",\"text_align\":\"\",\"text_align_breakpoint\":\"\",\"text_align_fallback\":\"\",\"animation\":\"\",\"visibility\":\"\",\"content\":\"\n\n<p><strong>Unsere Partner<\\\/strong><\\\/p>\"}}]}]}]},{\"type\":\"section\",\"props\":{\"style\":\"default\",\"width\":\"default\",\"vertical_align\":\"middle\",\"title_position\":\"top-left\",\"title_rotation\":\"left\",\"title_breakpoint\":\"xl\",\"image_position\":\"center-center\",\"text_color\":\"\",\"width_expand\":\"\",\"height\":\"\",\"padding\":\"\",\"header_transparent\":\"\",\"animation\":\"\"},\"children\":[{\"type\":\"row\",\"props\":{\"layout\":\"1-1\",\"breakpoint\":\"m\",\"fixed_width\":\"large\",\"gutter\":\"\",\"width\":\"\",\"width_expand\":\"\",\"height\":\"\",\"margin\":\"\"},\"children\":[{\"type\":\"column\",\"props\":{\"widths\":[\"1-1\"],\"image_position\":\"center-center\",\"media_overlay_gradient\":\"\",\"vertical_align\":\"\",\"style\":\"\",\"text_color\":\"\",\"padding\":\"\"},\"children\":[{\"type\":\"grid\",\"props\":{\"show_title\":true,\"show_meta\":true,\"show_content\":true,\"show_image\":true,\"show_link\":true,\"grid_default\":\"1\",\"grid_medium\":\"3\",\"filter_style\":\"tab\",\"filter_all\":true,\"filter_position\":\"top\",\"filter_align\":\"left\",\"filter_grid_width\":\"auto\",\"filter_breakpoint\":\"m\",\"title_hover_style\":\"reset\",\"title_element\":\"h3\",\"title_align\":\"top\",\"title_grid_width\":\"1-2\",\"title_breakpoint\":\"m\",\"meta_style\":\"meta\",\"meta_align\":\"below-title\",\"icon_ratio\":4,\"image_align\":\"top\",\"image_grid_width\":\"1-2\",\"image_breakpoint\":\"m\",\"image_svg_color\":\"emphasis\",\"link_text\":\"weitere Informationen\",\"link_style\":\"default\",\"margin\":\"default\",\"item_animation\":\"\",\"gutter\":\"\",\"grid_small\":\"\",\"grid_large\":\"\",\"grid_xlarge\":\"\",\"filter_margin\":\"\",\"filter_gutter\":\"\",\"title_display\":\"\",\"content_display\":\"\",\"panel_style\":\"\",\"panel_content_padding\":\"\",\"panel_size\":\"\",\"item_maxwidth\":\"\",\"title_style\":\"\",\"title_decoration\":\"\",\"title_font_family\":\"\",\"title_color\":\"\",\"title_gutter\":\"\",\"title_margin\":\"\",\"meta_color\":\"\",\"meta_margin\":\"\",\"content_style\":\"\",\"content_margin\":\"\",\"image_transition\":\"\",\"image_border\":\"\",\"image_box_shadow\":\"\",\"image_hover_box_shadow\":\"\",\"image_box_decoration\":\"\",\"icon_color\":\"\",\"image_gutter\":\"\",\"image_margin\":\"\",\"link_type\":\"\",\"link_size\":\"\",\"link_margin\":\"\",\"position\":\"\",\"position_z_index\":\"\",\"maxwidth\":\"\",\"maxwidth_breakpoint\":\"\",\"block_align\":\"\",\"block_align_breakpoint\":\"\",\"block_align_fallback\":\"\",\"text_align\":\"\",\"text_align_breakpoint\":\"\",\"text_align_fallback\":\"\",\"visibility\":\"\"},\"children\":[{\"type\":\"grid_item\",\"props\":{\"image\":\"wp-content\\\/uploads\\\/BS_RESCUE_LOGO-01-e1629375031924.png\",\"content\":\"\n\n<p>BS-Rescue ist ein Einzelunternehmen, das seit 2013 aktiv ist. Das Angebotsspektrum von BS-Rescue reicht von F\\u00fchrungskr\\u00e4fteschulungen im Rettungsdienst und Katastrophenschutz, \\u00fcber Analysen von MANV Planungen, DPS und F\\u00fcSim Schulungen, Simulations- und Voll\\u00fcbungen f\\u00fcr den Rettungsdienst und Katastrophenschutz, bis hin zu Stabsausbildungen sowie \\u00dcbungen f\\u00fcr St\\u00e4be auf allen Ebenen.<\\\/p>\",\"link\":\"http:\\\/\\\/www.bs-rescue.de\"}},{\"type\":\"grid_item\",\"props\":{\"title\":\"\",\"image\":\"wp-content\\\/uploads\\\/krisenplaner_logo_final_logo-lang-slogan-e1629375065641.png\",\"content\":\"\n\n<p>DIE KRISENPLANER GmbH ist ein \\u00f6sterreichisches Unternehmen, spezialisiert auf die Themen Notfall-, Krisen- und Katastrophenmanagement sowie Risikomanagement und Business Continuity Management f\\u00fcr nationale und internationale Unternehmen, Organisationen und Beh\\u00f6rden. Neben Beratung, Planung \\u00a0und Implementierungsunterst\\u00fctzung, ist DIE KRISENPLANER GmbH im Bereich Schulung und Training sowie \\u00dcbungsplanung und \\u00dcbungsdurchf\\u00fchrung t\\u00e4tig.<\\\/p>\",\"link\":\"https:\\\/\\\/www.krisenplaner.at\"}}]}]}]}]}],\"version\":\"1.21.10\",\"props\":[]} --><\/p>\n","protected":false},"excerpt":{"rendered":"<p>Unsere Partner BS-Rescue ist ein Einzelunternehmen, das seit 2013 aktiv ist. Das Angebotsspektrum von BS-Rescue reicht von F\u00fchrungskr\u00e4fteschulungen im Rettungsdienst und Katastrophenschutz, \u00fcber Analysen von MANV Planungen, DPS und F\u00fcSim Schulungen, Simulations- und Voll\u00fcbungen f\u00fcr den Rettungsdienst und Katastrophenschutz, bis hin zu Stabsausbildungen sowie \u00dcbungen f\u00fcr St\u00e4be auf allen Ebenen. weitere Informationen DIE KRISENPLANER GmbH [&hellip;]<\/p>\n","protected":false},"author":3,"featured_media":0,"parent":0,"menu_order":0,"comment_status":"closed","ping_status":"closed","template":"","meta":{"footnotes":""},"class_list":["post-335","page","type-page","status-publish","hentry"],"_links":{"self":[{"href":"https:\/\/ksk-group.eu\/en\/wp-json\/wp\/v2\/pages\/335"}],"collection":[{"href":"https:\/\/ksk-group.eu\/en\/wp-json\/wp\/v2\/pages"}],"about":[{"href":"https:\/\/ksk-group.eu\/en\/wp-json\/wp\/v2\/types\/page"}],"author":[{"embeddable":true,"href":"https:\/\/ksk-group.eu\/en\/wp-json\/wp\/v2\/users\/3"}],"replies":[{"embeddable":true,"href":"https:\/\/ksk-group.eu\/en\/wp-json\/wp\/v2\/comments?post=335"}],"version-history":[{"count":12,"href":"https:\/\/ksk-group.eu\/en\/wp-json\/wp\/v2\/pages\/335\/revisions"}],"predecessor-version":[{"id":480,"href":"https:\/\/ksk-group.eu\/en\/wp-json\/wp\/v2\/pages\/335\/revisions\/480"}],"wp:attachment":[{"href":"https:\/\/ksk-group.eu\/en\/wp-json\/wp\/v2\/media?parent=335"}],"curies":[{"name":"wp","href":"https:\/\/api.w.org\/{rel}","templated":true}]}}