{"id":327,"date":"2021-06-11T08:08:01","date_gmt":"2021-06-11T08:08:01","guid":{"rendered":"https:\/\/ksk-group.eu\/?page_id=327"},"modified":"2021-06-11T08:10:56","modified_gmt":"2021-06-11T08:10:56","slug":"datenschutzklaerung-pet","status":"publish","type":"page","link":"https:\/\/ksk-group.eu\/en\/datenschutzklaerung-pet\/","title":{"rendered":"Datenschutzkl\u00e4rung"},"content":{"rendered":"<p><strong>Verantwortlich im Sinne der Datenschutz-Grundverordnung (DSGVO)<\/strong><\/p>\n<p>Michael Kruhl<br \/>\nKSK &#8211; kommplex Stabsausstattung<br \/>\nAlter Ring 7<br \/>\n02894 Reichenbach OL<br \/>\nDeutschland<\/p>\n<p>Tel.: +49 35828 88 4 88<\/p>\n<p>&nbsp;<\/p>\n<p><strong>Datenschutz<\/strong><\/p>\n<p>Den Schutz Ihrer pers\u00f6nlichen Daten nehmen wir sehr ernst. Ihre personenbezogenen Daten behandeln wir vertraulich entsprechend der gesetzlichen Datenschutzvorschriften.<\/p>\n<p>Nutzen Sie unsere KSK-PET-App, werden von uns personenbezogene Daten \u00fcber Sie verarbeitet. Personenbezogene Daten sind all jene Informationen, die sich auf eine nat\u00fcrliche Person beziehen und entsprechende R\u00fcckschl\u00fcsse erm\u00f6glichen.<\/p>\n<p>Unter dem Men\u00fceintrag \u201eDatenschutzerkl\u00e4rung\u201c innerhalb der KSK-PET-App k\u00f6nnen Sie die Datenschutzerkl\u00e4rung jederzeit aufrufen.<\/p>\n<p>&nbsp;<\/p>\n<p><strong>I. Informationen zur Verarbeitung Ihrer Daten<\/strong><\/p>\n<p>Mit Verwendung unserer KSK-PET-App werden automatisch Informationen verarbeitet. Die verarbeiteten personenbezogenen Daten sind im Folgenden aufgef\u00fchrt:<\/p>\n<p><strong>(a) Informationen, welche beim Download erhoben werden <\/strong><\/p>\n<p>Beim Herunterladen unserer KSK-PET-App werden bestimmte erforderliche Informationen an den von Ihnen ausgew\u00e4hlten App Store (z.B. Google Play oder Apple App-Store) \u00fcbermittelt, speziell k\u00f6nnen dabei der Nutzername, die E-Mail-Adresse, die Kundennummer Ihres Accounts, der Zeitpunkt des Downloads, Zahlungsinformationen, sowie die individuelle Ger\u00e4tekennziffer, verarbeitet werden. Die Verarbeitung dieser Daten erfolgt ausschlie\u00dflich durch Google Play-Store bzw. Apple App-Store und liegt au\u00dferhalb unseres Einflussbereiches.<\/p>\n<p><strong>(b) Informationen, die automatisch erhoben werden<\/strong><\/p>\n<p>Mit Nutzung unserer KSK-PET-App erheben wir bestimmte Daten automatisch, welche f\u00fcr die Nutzung der KSK-PET-App erforderlich sind. Hierzu geh\u00f6ren: interne Ger\u00e4te-ID, Version Ihres Betriebssystems, Zeitpunkt des Zugriffs. Diese ben\u00f6tigen wir, \u00a0um Ihnen unseren Dienst und die damit verbundenen Funktionen zur Verf\u00fcgung zu stellen, Funktionen und Leistungsmerkmale unserer KSK-PET-App zu verbessern und Missbrauch, sowie Fehlfunktionen vorzubeugen bzw. zu beseitigen.<\/p>\n<p>Zur Erf\u00fcllung des Vertrages ist diese Datenverarbeitung n\u00f6tig. Au\u00dferdem haben wir ein berechtigtes Interesse daran, die Funktionalit\u00e4t und den fehlerfreien Betrieb der KSK-PET-App zu gew\u00e4hrleisten.<\/p>\n<p><strong>(c) Erstellung eines Nutzer-Accounts (Registrierung) und Anmeldung<\/strong><\/p>\n<p>Mit Erstellung eines Nutzer-Accounts oder bei Anmeldung verwenden wir Ihre Zugangsdaten. Sie erhalten nach Erstellung eines Nutzer-Accounts einen Registrierungsbrief mit QR-Code und Firmen ID. \u00a0Diese ben\u00f6tigen Sie, um den Zugang zu Ihrem Nutzer-Account zu erhalten und entsprechend zu verwalten (\u201ePflichtangaben\u201c). Pflichtangaben im Rahmen der Registrierung sind mit einem Sternchen gekennzeichnet und sind f\u00fcr den Abschluss des Nutzungsvertrages erforderlich. Geben Sie diese Daten nicht ein, k\u00f6nnen Sie keinen Nutzer-Account erstellen. Die Pflichtangaben werden beim Login zur Authentifizierung und der Anfrage zur R\u00fccksetzung Ihres Passwortes ben\u00f6tigt. Alle Daten, die Sie im Rahmen der Registrierung bzw. Anmeldung eingegeben haben, verifizieren wir zur Berechtigung der Verwaltung Ihres Nutzer- Accounts, als auch die \u00a0Nutzungsbedingungen der KSK-PET-App, sowie alle damit verbundenen Rechte und Pflichten durchzusetzen oder mit Ihnen in Kontakt zu treten, um Ihnen technische oder rechtliche Hinweise, Updates, Sicherheitsmeldungen oder andere Nachrichten, die etwa die Verwaltung des Nutzer-Accounts betreffen, senden zu k\u00f6nnen.<\/p>\n<p><strong>(d) Nutzung der KSK-PET-App<\/strong><\/p>\n<p>In unsere KSK-PET-App k\u00f6nnen Sie diverse Informationen, Aufgaben und Aktivit\u00e4ten eingeben, verwalten und bearbeiten. Diese Daten werden ausschlie\u00dflich f\u00fcr die Verwendung zur Erf\u00fcllung des Vertrages an unsere Server \u00fcbermittelt. Die KSK-PET-App erfordert dar\u00fcber hinaus folgende Berechtigungen:<\/p>\n<ul>\n<li>Internetzugriff wird ben\u00f6tigt, um die erfassten Daten \u00fcber eine verschl\u00fcsselte Verbindung zu unseren Servern zu \u00fcbertragen. Hierbei wird ein eindeutiger Schl\u00fcssel als Identifikationsmerkmal verwendet, der nur auf Serverseite dem jeweiligen Benutzer zugeordnet werden kann. Dabei wird ein automatischer Dienst genutzt, welcher w\u00e4hrend der Nutzung unserer KSK-PET-Apps in Abst\u00e4nden pr\u00fcft, ob Daten \u00fcbertragen werden m\u00fcssen und diese entsprechend \u00fcbertr\u00e4gt.<\/li>\n<li>Kamerazugriff ist die Voraussetzung um QR-Codes zu erfassen, die Informationen zum Einsatzort, oder den Schl\u00fcssel f\u00fcr die Erstregistrierung bereitstellen.<\/li>\n<\/ul>\n<p>&nbsp;<\/p>\n<p><strong>II. Weitergabe und \u00dcbertragung von Daten<\/strong><\/p>\n<p>Eine Weitergabe der personenbezogenen Daten an Dritte erfolgt nicht.<\/p>\n<p>(a) Die Registrierungsdaten werden innerhalb KSK, Michael Kruhl f\u00fcr interne Verwaltungszwecke einschlie\u00dflich der Kundenbetreuung im Rahmen des Erforderlichen weitergeben.<\/p>\n<p>(b) Bei rechtswidriger bzw. missbr\u00e4uchlicher Nutzung unserer KSK-PET-App<\/p>\n<p>k\u00f6nnen personenbezogene Daten zur Aufkl\u00e4rung an die Strafverfolgungsbeh\u00f6rden oder andere Beh\u00f6rden weitergeleitet werden.<\/p>\n<p>&nbsp;<\/p>\n<p><strong>III. Cookies<\/strong><\/p>\n<p>Unsere KSK-PET-App verwendet keine Cookies.<\/p>\n<p>&nbsp;<\/p>\n<p><strong>IV. Google Fonts<\/strong><\/p>\n<p>Unsere KSK-PET-App verwendet Google Fonts, externe Schriften. Zur Darstellung der Schriften wird bei jeder KSK-PET-App-Nutzung ein Google-Sever kontaktiert. Es ist davon ausgehen, dass die Anfragen durch Google in den USA gespeichert und verarbeitet werden.<\/p>\n<p>Google Fonts ist ein Dienst der Firma Google Inc. (USA). Weitere Informationen entnehmen Sie den Google Fonts FAQ unter <a href=\"https:\/\/developers.google.com\/fonts\/faq\">https:\/\/developers.google.com\/fonts\/faq#what-does-using-the-google-fonts-api-mean-for-the-privacy-of-my-users<\/a>.<\/p>\n<p>&nbsp;<\/p>\n<p><strong>V. L\u00f6schung und Sperrung personenbezogener Daten routinem\u00e4\u00dfig<\/strong><\/p>\n<p>Verantwortliche f\u00fcr die Verarbeitung personenbezogener Daten speichern diese nur f\u00fcr den Zeitraum, welcher zur Erreichung des Speicherungssinns erforderlich ist. Das gilt insoweit dies durch europ\u00e4ische Richtlinien, den Verordnungs- oder einen anderen Gesetzgeber in Gesetzen und Vorschriften vorgesehen wurde. Nach Entfallen des Speicherungssinns oder dem Ablaufen der vorgeschriebenen Speicherfrist werden die personenbezogenen Daten, entsprechend der gesetzlichen Vorschriften, routinem\u00e4\u00dfig gesperrt oder gel\u00f6scht.<\/p>\n<p>&nbsp;<\/p>\n<p><strong>VI. Auskunft, L\u00f6schung, Sperrung<\/strong><\/p>\n<p>Jede von der Verarbeitung personenbezogener Daten betroffene Person hat das Recht, jederzeit unentgeltlich Auskunft \u00fcber die gespeicherten Daten, deren Herkunft und den Zweck der Datenverarbeitung zu erhalten. Weiterhin haben Sie das Recht auf Berichtigung, Sperrung und L\u00f6schung dieser Daten. Hierzu wenden Sie sich bitte an unseren Datenschutzbeauftragten.<\/p>\n<p>&nbsp;<\/p>\n<p><strong>VII. Recht auf Best\u00e4tigung<\/strong><\/p>\n<p>Betroffene Personen haben jederzeit das Recht von den Verantwortlichen f\u00fcr die Verarbeitung eine Best\u00e4tigung dar\u00fcber zu verlangen, ob personenbezogene Daten verarbeitet werden. M\u00f6chten Sie das Best\u00e4tigungsrecht in Anspruch nehmen, k\u00f6nnen Sie sich jederzeit an unseren Datenschutzbeauftragten wenden.<\/p>\n<p>&nbsp;<\/p>\n<p><strong>VIII. Beschwerderecht<\/strong><\/p>\n<p>Bei Beschwerden haben Sie das Recht, sich an die zust\u00e4ndige Aufsichtsbeh\u00f6rde zu wenden. Die zust\u00e4ndige Aufsichtsbeh\u00f6rde ist: S\u00e4chsische Datenschutzbeauftragter, Devrientstra\u00dfe 5 in 01067 Dresden.<\/p>\n<p>&nbsp;<\/p>\n<p><strong>IX. Kontakt<\/strong><\/p>\n<p>Bei Fragen oder Anmerkungen zum Umgang mit Ihren personenbezogenen Daten oder zur Aus\u00fcbung Ihrer Rechte, wenden Sie sich bitte an unseren Datenschutzbeauftragten:<\/p>\n<p>Peter Schilling<\/p>\n<p>Tel.: +49 35828 88 4 88<\/p>\n<p>Mail: <a href=\"mailto:peter.schilling@kommplex.de\">peter.schilling@kommplex.de<\/a><\/p>\n<p>&nbsp;<\/p>\n<p>Nimmt eine betroffene Person per E-Mail Kontakt mit den f\u00fcr die Verarbeitung Verantwortlichen in unserem Unternehmen auf, werden die auf diesem Wege \u00fcbermittelten personenbezogenen Daten automatisch gespeichert. Diese auf freiwilliger Basis \u00fcbermittelten Daten werden f\u00fcr den Zweck der Bearbeitung bzw. der Kontaktaufnahme zur betroffenen Person gespeichert. Eine Weitergabe an Dritte erfolgt nicht.<\/p>\n<p><strong>\u00a0<\/strong><\/p>\n<p><strong>X. Automatisierte Entscheidungsfindung<\/strong><\/p>\n<p>Auf eine automatisierte individuelle Entscheidungsfindung oder Profiling verzichten wir als verantwortungsbewusstes Unternehmen.<\/p>","protected":false},"excerpt":{"rendered":"<p>Verantwortlich im Sinne der Datenschutz-Grundverordnung (DSGVO) Michael Kruhl KSK &#8211; kommplex Stabsausstattung Alter Ring 7 02894 Reichenbach OL Deutschland Tel.: +49 35828 88 4 88 &nbsp; Datenschutz Den Schutz Ihrer pers\u00f6nlichen Daten nehmen wir sehr ernst. Ihre personenbezogenen Daten behandeln wir vertraulich entsprechend der gesetzlichen Datenschutzvorschriften. Nutzen Sie unsere KSK-PET-App, werden von uns personenbezogene Daten [&hellip;]<\/p>\n","protected":false},"author":3,"featured_media":0,"parent":0,"menu_order":0,"comment_status":"closed","ping_status":"closed","template":"","meta":{"footnotes":""},"class_list":["post-327","page","type-page","status-publish","hentry"],"_links":{"self":[{"href":"https:\/\/ksk-group.eu\/en\/wp-json\/wp\/v2\/pages\/327"}],"collection":[{"href":"https:\/\/ksk-group.eu\/en\/wp-json\/wp\/v2\/pages"}],"about":[{"href":"https:\/\/ksk-group.eu\/en\/wp-json\/wp\/v2\/types\/page"}],"author":[{"embeddable":true,"href":"https:\/\/ksk-group.eu\/en\/wp-json\/wp\/v2\/users\/3"}],"replies":[{"embeddable":true,"href":"https:\/\/ksk-group.eu\/en\/wp-json\/wp\/v2\/comments?post=327"}],"version-history":[{"count":2,"href":"https:\/\/ksk-group.eu\/en\/wp-json\/wp\/v2\/pages\/327\/revisions"}],"predecessor-version":[{"id":329,"href":"https:\/\/ksk-group.eu\/en\/wp-json\/wp\/v2\/pages\/327\/revisions\/329"}],"wp:attachment":[{"href":"https:\/\/ksk-group.eu\/en\/wp-json\/wp\/v2\/media?parent=327"}],"curies":[{"name":"wp","href":"https:\/\/api.w.org\/{rel}","templated":true}]}}