{"id":29,"date":"2018-11-28T14:07:27","date_gmt":"2018-11-28T14:07:27","guid":{"rendered":"http:\/\/localhost\/yootheme-pro\/2019\/Tomsen-Brody\/Website_WP\/index.php\/sustainability\/"},"modified":"2019-09-30T10:16:50","modified_gmt":"2019-09-30T10:16:50","slug":"krisen-management-stabsausbildung","status":"publish","type":"page","link":"https:\/\/ksk-group.eu\/en\/krisen-management-stabsausbildung\/","title":{"rendered":"KRISEN-MANAGEMENT &#038; STABSAUSBILDUNG"},"content":{"rendered":"<p><img decoding=\"async\" src=\"wp-content\/uploads\/ksk-stabskonzepte-city_small.jpg\" alt=\"\"><\/p>\n<h3>\n<p style=\"line-height: 1.0;\">Krisen-management &#038;<br \/>\n    Stabsausbildung\n<\/p>\n<\/h3>\n<div>Wir bieten Ihnen ma\u00dfgeschneiderte Ausbildungen und \u00dcbungen f\u00fcr St\u00e4be, F\u00fchrungskr\u00e4fte und Krisenmanager. Zu unseren Kunden geh\u00f6ren unter anderem Unternehmen, Beh\u00f6rden, Hilfsorganisationen und Ministerien. Machen Sie sich fit f\u00fcr den Ernstfall!\n<\/div>\n<div>\n<p>\n    Gutes Krisenmanagement und Stabsarbeit braucht eine gute Ausbildung. Wir bereiten Ihre F\u00fchrungskr\u00e4fte und Entscheidungstr\u00e4ger gezielt vor. Mit ma\u00dfgeschneiderten Schulungen, Trainings und \u00dcbungen vermitteln wir zuerst wichtiges Grundlagen- und Detailwissen. <\/p>\n<p>Als Basis dient immer eine umfassende Zielgruppenanalyse. Dabei betrachten wir bereits vorhandenes Wissen und F\u00e4higkeiten und leiten gezielte Ausbildungsbedarfe und Themen ab.<br \/>\nZum Festigen der vorhandenen F\u00e4higkeiten aber auch zum Identifizieren systemischer Probleme entwerfen wir Krisen\u00fcbungen, f\u00fchren diese durch und werten gezielt aus. Zusammenfassend erstellen wir Ihnen jeweils einen Empfehlungskatalog f\u00fcr weitere Ma\u00dfnahmen zur Verbesserung Ihres Notfall- und Krisenmanagements und begleiten diesen Prozess, wenn gew\u00fcnscht.<br \/>\nVertrauen Sie unseren jahrelangen praktischen Erfahrungen im Einsatz sowie in der Lehre!\n<\/p>\n<\/div>\n<p>\n    <a href=\"\/kontakt\">Spreche Sie uns an!\u00a0<\/a>\n<\/p>\n<p><!-- {\"name\":\"Press\",\"type\":\"layout\",\"children\":[{\"type\":\"section\",\"props\":{\"style\":\"default\",\"width\":\"default\",\"vertical_align\":\"middle\",\"title_position\":\"top-left\",\"title_rotation\":\"left\",\"title_breakpoint\":\"xl\",\"image_position\":\"center-center\",\"text_color\":\"\",\"width_expand\":\"\",\"height\":\"\",\"padding\":\"\",\"header_transparent\":\"\",\"animation\":\"\",\"image\":\"wp-content\\\/uploads\\\/news-12.jpg\",\"image_size\":\"cover\",\"image_effect\":\"\",\"image_parallax_breakpoint\":\"\",\"image_visibility\":\"\",\"video_width\":\"\",\"video_height\":\"\",\"media_blend_mode\":\"\"},\"children\":[{\"type\":\"row\",\"props\":{\"layout\":\"1-1\",\"breakpoint\":\"m\",\"fixed_width\":\"large\",\"gutter\":\"\",\"width\":\"\",\"width_expand\":\"\",\"height\":\"\",\"margin\":\"\"},\"children\":[{\"type\":\"column\",\"props\":{\"widths\":[\"1-1\"],\"image_position\":\"center-center\",\"media_overlay_gradient\":\"\",\"vertical_align\":\"\",\"style\":\"\",\"text_color\":\"\",\"padding\":\"\"},\"children\":[]}]}],\"name\":\"Heroimage\"},{\"name\":\"KRISEN-MANAGEMENT & STABSAUSBILDUNG\",\"type\":\"section\",\"props\":{\"style\":\"default\",\"width\":\"\",\"vertical_align\":\"middle\",\"title_position\":\"top-left\",\"title_rotation\":\"left\",\"title_breakpoint\":\"xl\",\"image_position\":\"center-center\",\"text_color\":\"\",\"width_expand\":\"\",\"height\":\"\",\"padding\":\"\",\"header_transparent\":\"\",\"animation\":\"\",\"padding_remove_top\":false,\"image_effect\":\"\"},\"children\":[{\"name\":\"\",\"type\":\"row\",\"props\":{\"layout\":\",3-4\",\"breakpoint\":\"m\",\"fixed_width\":\"xxlarge\",\"gutter\":\"\",\"width\":\"default\",\"width_expand\":\"\",\"height\":\"\",\"margin\":\"\",\"match\":true},\"children\":[{\"name\":\"\",\"type\":\"column\",\"props\":{\"widths\":[\"\"],\"image_position\":\"center-center\",\"media_overlay_gradient\":\"\",\"vertical_align\":\"\",\"style\":\"\",\"text_color\":\"\",\"padding\":\"\"},\"children\":[{\"name\":\"\",\"type\":\"image\",\"props\":{\"margin\":\"default\",\"link_target\":\"\",\"image_border\":\"\",\"image_box_shadow\":\"\",\"image_hover_box_shadow\":\"\",\"image_box_decoration\":\"\",\"text_align\":\"center\",\"text_align_breakpoint\":\"\",\"text_align_fallback\":\"\",\"maxwidth\":\"\",\"maxwidth_breakpoint\":\"\",\"animation\":\"\",\"visibility\":\"\",\"image\":\"wp-content\\\/uploads\\\/ksk-stabskonzepte-city_small.jpg\",\"image_width\":\"\",\"image_svg_inline\":true,\"image_svg_color\":\"emphasis\",\"block_align\":\"\",\"position\":\"\",\"position_z_index\":\"\",\"block_align_breakpoint\":\"\",\"block_align_fallback\":\"\"}}]},{\"type\":\"column\",\"props\":{\"widths\":[\"3-4\"],\"image_position\":\"center-center\",\"media_overlay_gradient\":\"\",\"vertical_align\":\"\",\"style\":\"\",\"text_color\":\"\",\"padding\":\"\"},\"children\":[{\"type\":\"headline\",\"props\":{\"title_element\":\"h3\",\"title_style\":\"heading-medium\",\"title_decoration\":\"\",\"title_color\":\"\",\"text_align\":\"\",\"text_align_breakpoint\":\"\",\"text_align_fallback\":\"\",\"maxwidth\":\"xlarge\",\"maxwidth_breakpoint\":\"\",\"margin\":\"medium\",\"animation\":\"none\",\"visibility\":\"\",\"content\":\"\n\n<p style=\\\"line-height: 1.0;\\\">Krisen-management &\\n    Stabsausbildung\\n<\\\/p>\",\"parallax_breakpoint\":\"m\",\"parallax_y_start\":\"300\",\"parallax_zindex\":false,\"parallax_target\":true,\"parallax_viewport\":\"\",\"parallax_y_end\":\"-150\",\"block_align\":\"\",\"title_font_family\":\"\",\"position\":\"\",\"position_z_index\":\"\",\"block_align_breakpoint\":\"\",\"block_align_fallback\":\"\"}},{\"type\":\"text\",\"props\":{\"margin\":\"default\",\"column_breakpoint\":\"m\",\"text_style\":\"lead\",\"text_color\":\"\",\"text_size\":\"\",\"column\":\"\",\"text_align\":\"\",\"text_align_breakpoint\":\"\",\"text_align_fallback\":\"\",\"maxwidth\":\"xlarge\",\"maxwidth_breakpoint\":\"\",\"animation\":\"none\",\"visibility\":\"\",\"content\":\"Wir bieten Ihnen ma\\u00dfgeschneiderte Ausbildungen und \\u00dcbungen f\\u00fcr St\\u00e4be, F\\u00fchrungskr\\u00e4fte und Krisenmanager. Zu unseren Kunden geh\\u00f6ren unter anderem Unternehmen, Beh\\u00f6rden, Hilfsorganisationen und Ministerien. Machen Sie sich fit f\\u00fcr den Ernstfall! \\n\",\"parallax_breakpoint\":\"m\",\"parallax_y_start\":\"300\",\"parallax_zindex\":false,\"parallax_target\":true,\"parallax_viewport\":\"\",\"parallax_y_end\":\"-100\",\"block_align\":\"\",\"position\":\"\",\"position_z_index\":\"\",\"block_align_breakpoint\":\"\",\"block_align_fallback\":\"\"}},{\"type\":\"text\",\"props\":{\"margin\":\"default\",\"column_breakpoint\":\"m\",\"text_style\":\"\",\"text_color\":\"\",\"text_size\":\"\",\"column\":\"\",\"text_align\":\"\",\"text_align_breakpoint\":\"\",\"text_align_fallback\":\"\",\"maxwidth\":\"xlarge\",\"maxwidth_breakpoint\":\"\",\"animation\":\"none\",\"visibility\":\"\",\"content\":\"\n\n<p>\\n    Gutes Krisenmanagement und Stabsarbeit braucht eine gute Ausbildung. Wir bereiten Ihre F\\u00fchrungskr\\u00e4fte und Entscheidungstr\\u00e4ger gezielt vor. Mit ma\\u00dfgeschneiderten Schulungen, Trainings und \\u00dcbungen vermitteln wir zuerst wichtiges Grundlagen- und Detailwissen. \\n\\n<\\\/p>\\n\n\n<p>Als Basis dient immer eine umfassende Zielgruppenanalyse. Dabei betrachten wir bereits vorhandenes Wissen und F\\u00e4higkeiten und leiten gezielte Ausbildungsbedarfe und Themen ab.\\nZum Festigen der vorhandenen F\\u00e4higkeiten aber auch zum Identifizieren systemischer Probleme entwerfen wir Krisen\\u00fcbungen, f\\u00fchren diese durch und werten gezielt aus. Zusammenfassend erstellen wir Ihnen jeweils einen Empfehlungskatalog f\\u00fcr weitere Ma\\u00dfnahmen zur Verbesserung Ihres Notfall- und Krisenmanagements und begleiten diesen Prozess, wenn gew\\u00fcnscht.\\nVertrauen Sie unseren jahrelangen praktischen Erfahrungen im Einsatz sowie in der Lehre!\\n<\\\/p>\\n\",\"parallax_breakpoint\":\"m\",\"parallax_y_start\":\"300\",\"parallax_target\":true,\"parallax_viewport\":\"\",\"parallax_y_end\":\"-100\",\"block_align\":\"\",\"position\":\"\",\"position_z_index\":\"\",\"block_align_breakpoint\":\"\",\"block_align_fallback\":\"\"}},{\"type\":\"button\",\"props\":{\"gutter\":\"small\",\"margin\":\"default\",\"button_size\":\"\",\"position\":\"\",\"position_z_index\":\"\",\"maxwidth\":\"\",\"maxwidth_breakpoint\":\"\",\"block_align\":\"\",\"block_align_breakpoint\":\"\",\"block_align_fallback\":\"\",\"text_align\":\"\",\"text_align_breakpoint\":\"\",\"text_align_fallback\":\"\",\"animation\":\"\",\"visibility\":\"\"},\"children\":[{\"type\":\"button_item\",\"props\":{\"button_style\":\"text\",\"icon_align\":\"left\",\"link_target\":\"\",\"content\":\"Spreche Sie uns an!\\u00a0\",\"link\":\"\\\/kontakt\"}}]}]}]}]}],\"props\":[],\"version\":\"1.21.10\"} --><\/p>\n","protected":false},"excerpt":{"rendered":"<p>Krisen-management &#038; Stabsausbildung Wir bieten Ihnen ma\u00dfgeschneiderte Ausbildungen und \u00dcbungen f\u00fcr St\u00e4be, F\u00fchrungskr\u00e4fte und Krisenmanager. Zu unseren Kunden geh\u00f6ren unter anderem Unternehmen, Beh\u00f6rden, Hilfsorganisationen und Ministerien. Machen Sie sich fit f\u00fcr den Ernstfall! Gutes Krisenmanagement und Stabsarbeit braucht eine gute Ausbildung. Wir bereiten Ihre F\u00fchrungskr\u00e4fte und Entscheidungstr\u00e4ger gezielt vor. Mit ma\u00dfgeschneiderten Schulungen, Trainings und \u00dcbungen [&hellip;]<\/p>\n","protected":false},"author":1,"featured_media":0,"parent":0,"menu_order":7,"comment_status":"closed","ping_status":"closed","template":"","meta":{"footnotes":""},"class_list":["post-29","page","type-page","status-publish","hentry"],"_links":{"self":[{"href":"https:\/\/ksk-group.eu\/en\/wp-json\/wp\/v2\/pages\/29"}],"collection":[{"href":"https:\/\/ksk-group.eu\/en\/wp-json\/wp\/v2\/pages"}],"about":[{"href":"https:\/\/ksk-group.eu\/en\/wp-json\/wp\/v2\/types\/page"}],"author":[{"embeddable":true,"href":"https:\/\/ksk-group.eu\/en\/wp-json\/wp\/v2\/users\/1"}],"replies":[{"embeddable":true,"href":"https:\/\/ksk-group.eu\/en\/wp-json\/wp\/v2\/comments?post=29"}],"version-history":[{"count":13,"href":"https:\/\/ksk-group.eu\/en\/wp-json\/wp\/v2\/pages\/29\/revisions"}],"predecessor-version":[{"id":242,"href":"https:\/\/ksk-group.eu\/en\/wp-json\/wp\/v2\/pages\/29\/revisions\/242"}],"wp:attachment":[{"href":"https:\/\/ksk-group.eu\/en\/wp-json\/wp\/v2\/media?parent=29"}],"curies":[{"name":"wp","href":"https:\/\/api.w.org\/{rel}","templated":true}]}}