{"id":278,"date":"2019-10-09T07:57:57","date_gmt":"2019-10-09T07:57:57","guid":{"rendered":"http:\/\/ksk-group.eu\/?page_id=278"},"modified":"2021-06-10T07:22:39","modified_gmt":"2021-06-10T07:22:39","slug":"datenschutzerklaerung","status":"publish","type":"page","link":"https:\/\/ksk-group.eu\/en\/datenschutzerklaerung\/","title":{"rendered":"Datenschutzerkl\u00e4rung"},"content":{"rendered":"<p><span style=\"font-family: Calibri, serif;\">Verantwortlich im Sinne der Datenschutz-Grundverordnung (DSGVO)<\/span><\/p>\n<p><span style=\"font-family: Calibri, serif;\">Michael Kruhl<br \/>\n<\/span><span style=\"font-family: Calibri, serif;\">KSK &#8211; kommplex Stabsausstattung<br \/>\n<\/span><span style=\"font-family: Calibri, serif;\">Alter Ring 7<br \/>\n<\/span><span style=\"font-family: Calibri, serif;\">02894 Reichenbach OL<br \/>\n<\/span><span style=\"font-family: Calibri, serif;\">Deutschland<\/span><\/p>\n<p><span style=\"font-family: Calibri, serif;\">Tel.: +49 35828 88 4 88<br \/>\n<\/span><span style=\"font-family: Calibri, serif;\">Email: info@kommplex.de<br \/>\n<\/span><span style=\"font-family: Calibri, serif;\">Internetseite: <a href=\"https:\/\/ksk-group.eu\/en\/\">www.ksk-group.eu<\/a><\/span><\/p>\n<h3><span style=\"font-family: Calibri, serif;\">Datenschutzbeauftragter<\/span><\/h3>\n<p><span style=\"font-family: Calibri, serif;\">Peter Schilling<br \/>\n<\/span><span style=\"font-family: Calibri, serif;\">Tel.: +49 35828 88 4 88<br \/>\n<\/span><span style=\"font-family: Calibri, serif;\">Email: peter.schilling@kommplex.de<\/span><\/p>\n<p><span style=\"font-family: Calibri, serif;\">Die Nutzung unserer Webseite ist in der Regel ohne Angabe personenbezogener Daten m\u00f6glich. Soweit auf unseren Seiten personenbezogene Daten (beispielsweise Name, Anschrift oder eMail-Adressen) erhoben werden, erfolgt dies, soweit m\u00f6glich, stets auf freiwilliger Basis. Diese Daten werden ohne Ihre ausdr\u00fcckliche Zustimmung nicht an Dritte weitergegeben.<\/span><\/p>\n<p><span style=\"font-family: Calibri, serif;\">Wir weisen darauf hin, dass die Daten\u00fcbertragung im Internet (z.B. bei der Kommunikation per E-Mail) Sicherheitsl\u00fccken aufweisen kann. Ein l\u00fcckenloser Schutz der Daten vor dem Zugriff durch Dritte ist nicht m\u00f6glich.<\/span><\/p>\n<p><span style=\"font-family: Calibri, serif;\">Der Nutzung von im Rahmen der Impressumspflicht ver\u00f6ffentlichten Kontaktdaten durch Dritte zur \u00dcbersendung von nicht ausdr\u00fccklich angeforderter Werbung und Informationsmaterialien wird hiermit ausdr\u00fccklich widersprochen. Die Betreiber der Seiten behalten sich ausdr\u00fccklich rechtliche Schritte im Falle der unverlangten Zusendung von Werbeinformationen, etwa durch Spam-Mails, vor.<\/span><\/p>\n<h3><span style=\"font-family: Calibri, serif;\">Serverlogfiles<\/span><\/h3>\n<p><span style=\"font-family: Calibri, serif;\">In den Serverlogfiles werden von unserem Provider Informationen, welche von ihrem Browser \u00fcbermittelt werden, automatisch gespeichert. So werden der Browsertyp und die Browserversion, das verwendete Betriebssystem, die Referrer-URL, der Hostname des zugreifenden Rechners und die Uhrzeit der Serveranfrage gespeichert.<\/span><\/p>\n<p><span style=\"font-family: Calibri, serif;\">Bestimmten Personen kann man diese Daten nicht zuordnen. Eine Weiterverarbeitung bzw. die Zusammenf\u00fchrung mit anderen Datenquellen erfolgt nicht. Bei rechtswidriger Nutzung unseres Onlineangebotes, vorausgesetzt es liegen konkrete Anhaltspunkte vor, behalten wir uns eine nachtr\u00e4gliche Pr\u00fcfung vor.<\/span><\/p>\n<h3><span style=\"font-family: Calibri, serif;\">Cookies<\/span><\/h3>\n<p><span style=\"font-family: Calibri, serif;\">Unsere Internetseite verwendet Cookies. Hierbei handelt es sich um kleine Textdateien, welche auf Ihrem Ger\u00e4t gespeichert werden. Mit dem Einsatz dieser Cookies erh\u00f6ht sich die Benutzerfreundlichkeit und Sicherheit unseres Onlineangebotes.<\/span><\/p>\n<p><span style=\"font-family: Calibri, serif;\">M\u00f6chten Sie die Cookies nicht zulassen, k\u00f6nnen Sie in der Regel diese \u00fcber die Einstellungen Ihres Browsers abschalten oder so einstellen, dass Sie \u00fcber das Speichern von Cookies informiert werden. Dann k\u00f6nnen Sie im Einzelfall entscheiden, ob Sie den Einsatz von Cookies gestatten. Allerdings kann dadurch die Funktion unserer Internetseite eingeschr\u00e4nkt sein. Ihre Browsereinstellungen k\u00f6nnen Sie auch so aktivieren, dass beim Schlie\u00dfen die Cookies automatisch gel\u00f6scht werden.<\/span><\/p>\n<p>&nbsp;<\/p>\n<p><span style=\"font-family: Calibri, serif;\">In der Regel verwenden wir sogenannte \u201eSession-Cookies\u201c. Nach Beendigung ihres Besuches werden diese automatisch gel\u00f6scht. Um sie beim n\u00e4chsten Besuch wieder zu erkennen bleiben einige Cookies gespeichert.<\/span><\/p>\n<h3><span style=\"font-family: Calibri, serif;\">Google Fonts<\/span><\/h3>\n<p><span style=\"font-family: Calibri, serif;\">Unsere Internetseite verwendet Google Fonts, externe Schriften. Zur Darstellung der Schriften wird bei jedem Seitenaufruf ein Google-Sever kontaktiert. Es ist davon ausgehen, dass die Anfragen durch Google in den USA gespeichert und verarbeitet werden.<\/span><\/p>\n<p><span style=\"font-family: Calibri, serif;\">Google Fonts ist ein Dienst der Firma Google Inc. (USA). Weitere Informationen entnehmen Sie den Google Fonts FAQ unter <a href=\"https:\/\/developers.google.com\/fonts\/faq\">https:\/\/developers.google.com\/fonts\/faq#what-does-using-the-google-fonts-api-mean-for-the-privacy-of-my-users<\/a>.<\/span><\/p>\n<p><span style=\"font-family: Calibri, serif;\">Googles Datenschutzhinweise finden Sie unter <a href=\"https:\/\/www.google.de\/intl\/de\/policies\/\">https:\/\/www.google.de\/intl\/de\/policies\/<\/a>.<\/span><\/p>\n<h3><span style=\"font-family: Calibri, serif;\">Google AdSense<\/span><\/h3>\n<p><span style=\"font-family: Calibri, serif;\">Diese Website benutzt Google Adsense, einen Webanzeigendienst der Google Inc., USA (\u201cGoogle\u201c). Google Adsense verwendet sog. \u201cCookies\u201c (Textdateien), die auf Ihrem Computer gespeichert werden und die eine Analyse der Benutzung der Website durch Sie erm\u00f6glicht. Google Adsense verwendet auch sog. \u201cWeb Beacons\u201c (kleine unsichtbare Grafiken) zur Sammlung von Informationen. Durch die Verwendung des Web Beacons k\u00f6nnen einfache Aktionen wie der Besucherverkehr auf der Webseite aufgezeichnet und gesammelt werden. Die durch den Cookie und\/oder Web Beacon erzeugten Informationen \u00fcber Ihre Benutzung dieser Website (einschlie\u00dflich Ihrer IP-Adresse) werden an einen Server von Google in den USA \u00fcbertragen und dort gespeichert. Google wird diese Informationen benutzen, um Ihre Nutzung der Website im Hinblick auf die Anzeigen auszuwerten, um Reports \u00fcber die Websiteaktivit\u00e4ten und Anzeigen f\u00fcr die Websitebetreiber zusammenzustellen und um weitere mit der Websitenutzung und der Internetnutzung verbundene Dienstleistungen zu erbringen. Auch wird Google diese Informationen gegebenenfalls an Dritte \u00fcbertragen, sofern dies gesetzlich vorgeschrieben oder soweit Dritte diese Daten im Auftrag von Google verarbeiten. Google wird in keinem Fall Ihre IP-Adresse mit anderen Daten der Google in Verbindung bringen. Das Speichern von Cookies auf Ihrer Festplatte und die Anzeige von Web Beacons k\u00f6nnen Sie verhindern, indem Sie in Ihren Browser-Einstellungen \u201ckeine Cookies akzeptieren\u201c w\u00e4hlen (Im MS Internet-Explorer unter \u201cExtras &gt; Internetoptionen &gt; Datenschutz &gt; Einstellung\u201c; im Firefox unter \u201cExtras &gt; Einstellungen &gt; Datenschutz &gt; Cookies\u201c); wir weisen Sie jedoch darauf hin, dass Sie in diesem Fall gegebenenfalls nicht s\u00e4mtliche Funktionen dieser Website voll umf\u00e4nglich nutzen k\u00f6nnen. Durch die Nutzung dieser Website erkl\u00e4ren Sie sich mit der Bearbeitung der \u00fcber Sie erhobenen Daten durch Google in der zuvor beschriebenen Art und Weise und zu dem zuvor benannten Zweck einverstanden.<\/span><\/p>\n<h3><span style=\"font-family: Calibri, serif;\">SSL-Verschl\u00fcsselung<\/span><\/h3>\n<p><span style=\"font-family: Calibri, serif;\">Aus Gr\u00fcnden der Sicherheit nutzt unsere Internetseite eine SSL Verschl\u00fcsselung. Dies erkennen Sie daran, dass in der Adresszeile des Browsers die Internetadresse mit \u201ehttps:\/\/\u201c beginnt. Au\u00dferdem sieht man ein Schlosssymbol in der Browserzeile.<\/span><\/p>\n<p><span style=\"font-family: Calibri, serif;\">Die SSL Verschl\u00fcsselung verhindert das Mitlesen durch Dritte bei \u00dcbermittlung von Daten.<\/span><\/p>\n<h3><span style=\"font-family: Calibri, serif;\">Contact<\/span><\/h3>\n<p><span style=\"font-family: Calibri, serif;\">Die auf unserer Internetseite ver\u00f6ffentlichten E-Mail-Adressen erm\u00f6glichen Ihnen mit unseren Unternehmen, schnell und unmittelbar, zu kommunizieren. Nimmt eine betroffene Person per E-Mail Kontakt mit den f\u00fcr die Verarbeitung Verantwortlichen in unserem Unternehmen auf, werden die auf diesem Wege \u00fcbermittelten personenbezogenen Daten automatisch gespeichert. Diese auf freiwilliger Basis \u00fcbermittelten Daten werden f\u00fcr den Zweck der Bearbeitung bzw. der Kontaktaufnahme zur betroffenen Person gespeichert. Eine Weitergabe an Dritte erfolgt nicht.<\/span><\/p>\n<h3><span style=\"font-family: Calibri, serif;\">L\u00f6schung und Sperrung personenbezogener Daten routinem\u00e4\u00dfig<\/span><\/h3>\n<p><span style=\"font-family: Calibri, serif;\">Verantwortliche f\u00fcr die Verarbeitung personenbezogener Daten speichern diese nur f\u00fcr den Zeitraum, welcher zur Erreichung des Speicherungssinns erforderlich ist. Das gilt insoweit dies durch europ\u00e4ische Richtlinien, den Verordnungs- oder einen anderen Gesetzgeber in Gesetzen und Vorschriften vorgesehen wurde. Nach Entfallen des Speicherungssinns oder dem Ablaufen der vorgeschriebenen Speicherfrist werden die personenbezogenen Daten, entsprechend der gesetzlichen Vorschriften, routinem\u00e4\u00dfig gesperrt oder gel\u00f6scht.<\/span><\/p>\n<h3><span style=\"font-family: Calibri, serif;\">Recht auf Best\u00e4tigung<\/span><\/h3>\n<p><span style=\"font-family: Calibri, serif;\">Betroffene Personen haben jederzeit das Recht von den Verantwortlichen f\u00fcr die Verarbeitung eine Best\u00e4tigung dar\u00fcber zu verlangen, ob personenbezogene Daten verarbeitet werden. M\u00f6chten Sie das Best\u00e4tigungsrecht in Anspruch nehmen, k\u00f6nnen Sie sich jederzeit an unseren Datenschutzbeauftragten wenden.<\/span><\/p>\n<h3><span style=\"font-family: Calibri, serif;\">Auskunft, L\u00f6schung, Sperrung<\/span><\/h3>\n<p><span style=\"font-family: Calibri, serif;\">Jede von der Verarbeitung personenbezogener Daten betroffene Person hat das Recht, jederzeit unentgeltlich Auskunft \u00fcber die gespeicherten Daten, deren Herkunft und den Zweck der Datenverarbeitung zu erhalten. Weiterhin haben sie das Recht auf Berichtigung, Sperrung und L\u00f6schung dieser Daten. Hierzu wenden Sie sich bitte an unseren Datenschutzbeauftragten.<\/span><\/p>\n<h3><span style=\"font-family: Calibri, serif;\">Datenschutz bei Bewerbungen<\/span><\/h3>\n<p><span style=\"font-family: Calibri, serif;\">Personenbezogene Daten von Bewerbern werden zum Zweck der Abwicklung des Bewerbungsverfahrens gespeichert. Das gilt insbesondere dann, wenn Bewerber entsprechende Bewerbungsunterlagen auf dem elektronischen Weg an den entsprechenden Mitarbeiter \u00fcbermitteln. Bei Abschluss eines Anstellungsvertrages mit einem Bewerber werden die \u00fcbermittelten Daten gespeichert. Dies dient dem Ziel der Abwicklung des Besch\u00e4ftigungsverh\u00e4ltnisses und erfolgt unter Beachtung der gesetzlichen Vorschriften.<\/span><\/p>\n<p><span style=\"font-family: Calibri, serif;\">Wird mit einem Bewerber kein Anstellungsvertrag geschlossen, so werden die elektronisch \u00fcbermittelten Bewerbungsunterlagen gel\u00f6scht. Dies erfolgt sp\u00e4testens zwei Monate nach Bekanntgabe der Absageentscheidung. Besondere berechtigte Interessen k\u00f6nnen einer L\u00f6schung entgegenstehen. Zum Beispiel kann ein Grund die Beweispflicht in einem Verfahren nach dem Allgemeinen Gleichbehandlungsgesetz (AGG) sein.<\/span><\/p>\n<h3><span style=\"font-family: Calibri, serif;\">Automatisierte Entscheidungsfindung<\/span><\/h3>\n<p><span style=\"font-family: Calibri, serif;\">Auf eine automatisierte individuelle Entscheidungsfindung oder Profiling verzichten wir als verantwortungsbewusstes Unternehmen.<\/span><\/p>","protected":false},"excerpt":{"rendered":"<p>Verantwortlich im Sinne der Datenschutz-Grundverordnung (DSGVO) Michael Kruhl KSK &#8211; kommplex Stabsausstattung Alter Ring 7 02894 Reichenbach OL Deutschland Tel.: +49 35828 88 4 88 Email: info@kommplex.de Internetseite: www.ksk-group.eu Datenschutzbeauftragter Peter Schilling Tel.: +49 35828 88 4 88 Email: peter.schilling@kommplex.de Die Nutzung unserer Webseite ist in der Regel ohne Angabe personenbezogener Daten m\u00f6glich. Soweit auf [&hellip;]<\/p>\n","protected":false},"author":1,"featured_media":0,"parent":0,"menu_order":0,"comment_status":"closed","ping_status":"closed","template":"","meta":{"footnotes":""},"class_list":["post-278","page","type-page","status-publish","hentry"],"_links":{"self":[{"href":"https:\/\/ksk-group.eu\/en\/wp-json\/wp\/v2\/pages\/278"}],"collection":[{"href":"https:\/\/ksk-group.eu\/en\/wp-json\/wp\/v2\/pages"}],"about":[{"href":"https:\/\/ksk-group.eu\/en\/wp-json\/wp\/v2\/types\/page"}],"author":[{"embeddable":true,"href":"https:\/\/ksk-group.eu\/en\/wp-json\/wp\/v2\/users\/1"}],"replies":[{"embeddable":true,"href":"https:\/\/ksk-group.eu\/en\/wp-json\/wp\/v2\/comments?post=278"}],"version-history":[{"count":1,"href":"https:\/\/ksk-group.eu\/en\/wp-json\/wp\/v2\/pages\/278\/revisions"}],"predecessor-version":[{"id":279,"href":"https:\/\/ksk-group.eu\/en\/wp-json\/wp\/v2\/pages\/278\/revisions\/279"}],"wp:attachment":[{"href":"https:\/\/ksk-group.eu\/en\/wp-json\/wp\/v2\/media?parent=278"}],"curies":[{"name":"wp","href":"https:\/\/api.w.org\/{rel}","templated":true}]}}